                          {"id":790,"date":"2018-12-20T18:42:29","date_gmt":"2018-12-20T17:42:29","guid":{"rendered":"http:\/\/silverwave.sfdbeta.be\/skin-care-product\/optimum-repair-mask\/"},"modified":"2019-10-03T10:33:09","modified_gmt":"2019-10-03T08:33:09","slug":"masque-optimum-repair","status":"publish","type":"product","link":"https:\/\/silverwavemedical.com\/fr\/produit-soin-peau\/masque-optimum-repair\/","title":{"rendered":"MASQUE OPTIMUM REPAIR"},"content":{"rendered":"","protected":false},"excerpt":{"rendered":"","protected":false},"featured_media":363,"template":"","meta":{"_acf_changed":false},"product_cat":[54,55],"product_tag":[],"class_list":{"0":"post-790","1":"product","2":"type-product","3":"status-publish","4":"has-post-thumbnail","6":"product_cat-secheresse-et-reparation","7":"product_cat-optimum-repair","9":"first","10":"instock","11":"taxable","12":"shipping-taxable","13":"purchasable","14":"product-type-simple"},"acf":[],"yoast_head":"<!-- This site is optimized with the Yoast SEO plugin v23.5 - https:\/\/yoast.com\/wordpress\/plugins\/seo\/ -->\n<title>Masque Optimum repair - Soin Restructurant Peau Abim\u00e9e - Silverwave<\/title>\n<meta name=\"description\" content=\"Le masque Optimum Repair agit comme une seconde peau en formant une barri\u00e8re protectrice aux ingr\u00e9dients actifs efficaces. Il r\u00e9hydrate votre peau en profondeur et lui rend toute sa souplesse.\" \/>\n<meta name=\"robots\" content=\"index, follow, max-snippet:-1, max-image-preview:large, max-video-preview:-1\" \/>\n<link rel=\"canonical\" href=\"http:\/\/silverwavemedical.com\/fr\/produit-soin-peau\/masque-optimum-repair\/\" \/>\n<meta property=\"og:locale\" content=\"fr_FR\" \/>\n<meta property=\"og:type\" content=\"article\" \/>\n<meta property=\"og:title\" content=\"Masque Optimum repair - Soin Restructurant Peau Abim\u00e9e - Silverwave\" \/>\n<meta property=\"og:description\" content=\"Le masque Optimum Repair agit comme une seconde peau en formant une barri\u00e8re protectrice aux ingr\u00e9dients actifs efficaces. Il r\u00e9hydrate votre peau en profondeur et lui rend toute sa souplesse.\" \/>\n<meta property=\"og:url\" content=\"http:\/\/silverwavemedical.com\/fr\/produit-soin-peau\/masque-optimum-repair\/\" \/>\n<meta property=\"og:site_name\" content=\"Silver Wave\" \/>\n<meta property=\"article:modified_time\" content=\"2019-10-03T08:33:09+00:00\" \/>\n<meta property=\"og:image\" content=\"http:\/\/silverwavemedical.com\/wp-content\/uploads\/2019\/02\/optimumrepair_mask.jpg\" \/>\n\t<meta property=\"og:image:width\" content=\"800\" \/>\n\t<meta property=\"og:image:height\" content=\"800\" \/>\n\t<meta property=\"og:image:type\" content=\"image\/jpeg\" \/>\n<meta name=\"twitter:card\" content=\"summary_large_image\" \/>\n<script type=\"application\/ld+json\" class=\"yoast-schema-graph\">{\"@context\":\"https:\/\/schema.org\",\"@graph\":[{\"@type\":\"WebPage\",\"@id\":\"http:\/\/silverwavemedical.com\/fr\/produit-soin-peau\/masque-optimum-repair\/\",\"url\":\"http:\/\/silverwavemedical.com\/fr\/produit-soin-peau\/masque-optimum-repair\/\",\"name\":\"Masque Optimum repair - Soin Restructurant Peau Abim\u00e9e - Silverwave\",\"isPartOf\":{\"@id\":\"https:\/\/silverwavemedical.com\/#website\"},\"primaryImageOfPage\":{\"@id\":\"http:\/\/silverwavemedical.com\/fr\/produit-soin-peau\/masque-optimum-repair\/#primaryimage\"},\"image\":{\"@id\":\"http:\/\/silverwavemedical.com\/fr\/produit-soin-peau\/masque-optimum-repair\/#primaryimage\"},\"thumbnailUrl\":\"https:\/\/silverwavemedical.com\/wp-content\/uploads\/2019\/02\/optimumrepair_mask.jpg\",\"datePublished\":\"2018-12-20T17:42:29+00:00\",\"dateModified\":\"2019-10-03T08:33:09+00:00\",\"description\":\"Le masque Optimum Repair agit comme une seconde peau en formant une barri\u00e8re protectrice aux ingr\u00e9dients actifs efficaces. Il r\u00e9hydrate votre peau en profondeur et lui rend toute sa souplesse.\",\"breadcrumb\":{\"@id\":\"http:\/\/silverwavemedical.com\/fr\/produit-soin-peau\/masque-optimum-repair\/#breadcrumb\"},\"inLanguage\":\"fr-FR\",\"potentialAction\":[{\"@type\":\"ReadAction\",\"target\":[\"http:\/\/silverwavemedical.com\/fr\/produit-soin-peau\/masque-optimum-repair\/\"]}]},{\"@type\":\"ImageObject\",\"inLanguage\":\"fr-FR\",\"@id\":\"http:\/\/silverwavemedical.com\/fr\/produit-soin-peau\/masque-optimum-repair\/#primaryimage\",\"url\":\"https:\/\/silverwavemedical.com\/wp-content\/uploads\/2019\/02\/optimumrepair_mask.jpg\",\"contentUrl\":\"https:\/\/silverwavemedical.com\/wp-content\/uploads\/2019\/02\/optimumrepair_mask.jpg\",\"width\":800,\"height\":800},{\"@type\":\"BreadcrumbList\",\"@id\":\"http:\/\/silverwavemedical.com\/fr\/produit-soin-peau\/masque-optimum-repair\/#breadcrumb\",\"itemListElement\":[{\"@type\":\"ListItem\",\"position\":1,\"name\":\"Accueil\",\"item\":\"http:\/\/silverwavemedical.com\/fr\/\"},{\"@type\":\"ListItem\",\"position\":2,\"name\":\"Boutique\",\"item\":\"https:\/\/silverwavemedical.com\/fr\/boutique\/\"},{\"@type\":\"ListItem\",\"position\":3,\"name\":\"MASQUE OPTIMUM REPAIR\"}]},{\"@type\":\"WebSite\",\"@id\":\"https:\/\/silverwavemedical.com\/#website\",\"url\":\"https:\/\/silverwavemedical.com\/\",\"name\":\"Silver Wave\",\"description\":\"\",\"publisher\":{\"@id\":\"https:\/\/silverwavemedical.com\/#organization\"},\"potentialAction\":[{\"@type\":\"SearchAction\",\"target\":{\"@type\":\"EntryPoint\",\"urlTemplate\":\"https:\/\/silverwavemedical.com\/?s={search_term_string}\"},\"query-input\":{\"@type\":\"PropertyValueSpecification\",\"valueRequired\":true,\"valueName\":\"search_term_string\"}}],\"inLanguage\":\"fr-FR\"},{\"@type\":\"Organization\",\"@id\":\"https:\/\/silverwavemedical.com\/#organization\",\"name\":\"Silver Wave\",\"url\":\"https:\/\/silverwavemedical.com\/\",\"logo\":{\"@type\":\"ImageObject\",\"inLanguage\":\"fr-FR\",\"@id\":\"https:\/\/silverwavemedical.com\/#\/schema\/logo\/image\/\",\"url\":\"https:\/\/silverwavemedical.com\/wp-content\/uploads\/2018\/11\/logo.png\",\"contentUrl\":\"https:\/\/silverwavemedical.com\/wp-content\/uploads\/2018\/11\/logo.png\",\"width\":117,\"height\":63,\"caption\":\"Silver Wave\"},\"image\":{\"@id\":\"https:\/\/silverwavemedical.com\/#\/schema\/logo\/image\/\"}}]}<\/script>\n<!-- \/ Yoast SEO plugin. -->","yoast_head_json":{"title":"Masque Optimum repair - Soin Restructurant Peau Abim\u00e9e - Silverwave","description":"Le masque Optimum Repair agit comme une seconde peau en formant une barri\u00e8re protectrice aux ingr\u00e9dients actifs efficaces. Il r\u00e9hydrate votre peau en profondeur et lui rend toute sa souplesse.","robots":{"index":"index","follow":"follow","max-snippet":"max-snippet:-1","max-image-preview":"max-image-preview:large","max-video-preview":"max-video-preview:-1"},"canonical":"http:\/\/silverwavemedical.com\/fr\/produit-soin-peau\/masque-optimum-repair\/","og_locale":"fr_FR","og_type":"article","og_title":"Masque Optimum repair - Soin Restructurant Peau Abim\u00e9e - Silverwave","og_description":"Le masque Optimum Repair agit comme une seconde peau en formant une barri\u00e8re protectrice aux ingr\u00e9dients actifs efficaces. Il r\u00e9hydrate votre peau en profondeur et lui rend toute sa souplesse.","og_url":"http:\/\/silverwavemedical.com\/fr\/produit-soin-peau\/masque-optimum-repair\/","og_site_name":"Silver Wave","article_modified_time":"2019-10-03T08:33:09+00:00","og_image":[{"width":800,"height":800,"url":"http:\/\/silverwavemedical.com\/wp-content\/uploads\/2019\/02\/optimumrepair_mask.jpg","type":"image\/jpeg"}],"twitter_card":"summary_large_image","schema":{"@context":"https:\/\/schema.org","@graph":[{"@type":"WebPage","@id":"http:\/\/silverwavemedical.com\/fr\/produit-soin-peau\/masque-optimum-repair\/","url":"http:\/\/silverwavemedical.com\/fr\/produit-soin-peau\/masque-optimum-repair\/","name":"Masque Optimum repair - Soin Restructurant Peau Abim\u00e9e - Silverwave","isPartOf":{"@id":"https:\/\/silverwavemedical.com\/#website"},"primaryImageOfPage":{"@id":"http:\/\/silverwavemedical.com\/fr\/produit-soin-peau\/masque-optimum-repair\/#primaryimage"},"image":{"@id":"http:\/\/silverwavemedical.com\/fr\/produit-soin-peau\/masque-optimum-repair\/#primaryimage"},"thumbnailUrl":"https:\/\/silverwavemedical.com\/wp-content\/uploads\/2019\/02\/optimumrepair_mask.jpg","datePublished":"2018-12-20T17:42:29+00:00","dateModified":"2019-10-03T08:33:09+00:00","description":"Le masque Optimum Repair agit comme une seconde peau en formant une barri\u00e8re protectrice aux ingr\u00e9dients actifs efficaces. Il r\u00e9hydrate votre peau en profondeur et lui rend toute sa souplesse.","breadcrumb":{"@id":"http:\/\/silverwavemedical.com\/fr\/produit-soin-peau\/masque-optimum-repair\/#breadcrumb"},"inLanguage":"fr-FR","potentialAction":[{"@type":"ReadAction","target":["http:\/\/silverwavemedical.com\/fr\/produit-soin-peau\/masque-optimum-repair\/"]}]},{"@type":"ImageObject","inLanguage":"fr-FR","@id":"http:\/\/silverwavemedical.com\/fr\/produit-soin-peau\/masque-optimum-repair\/#primaryimage","url":"https:\/\/silverwavemedical.com\/wp-content\/uploads\/2019\/02\/optimumrepair_mask.jpg","contentUrl":"https:\/\/silverwavemedical.com\/wp-content\/uploads\/2019\/02\/optimumrepair_mask.jpg","width":800,"height":800},{"@type":"BreadcrumbList","@id":"http:\/\/silverwavemedical.com\/fr\/produit-soin-peau\/masque-optimum-repair\/#breadcrumb","itemListElement":[{"@type":"ListItem","position":1,"name":"Accueil","item":"http:\/\/silverwavemedical.com\/fr\/"},{"@type":"ListItem","position":2,"name":"Boutique","item":"https:\/\/silverwavemedical.com\/fr\/boutique\/"},{"@type":"ListItem","position":3,"name":"MASQUE OPTIMUM REPAIR"}]},{"@type":"WebSite","@id":"https:\/\/silverwavemedical.com\/#website","url":"https:\/\/silverwavemedical.com\/","name":"Silver Wave","description":"","publisher":{"@id":"https:\/\/silverwavemedical.com\/#organization"},"potentialAction":[{"@type":"SearchAction","target":{"@type":"EntryPoint","urlTemplate":"https:\/\/silverwavemedical.com\/?s={search_term_string}"},"query-input":{"@type":"PropertyValueSpecification","valueRequired":true,"valueName":"search_term_string"}}],"inLanguage":"fr-FR"},{"@type":"Organization","@id":"https:\/\/silverwavemedical.com\/#organization","name":"Silver Wave","url":"https:\/\/silverwavemedical.com\/","logo":{"@type":"ImageObject","inLanguage":"fr-FR","@id":"https:\/\/silverwavemedical.com\/#\/schema\/logo\/image\/","url":"https:\/\/silverwavemedical.com\/wp-content\/uploads\/2018\/11\/logo.png","contentUrl":"https:\/\/silverwavemedical.com\/wp-content\/uploads\/2018\/11\/logo.png","width":117,"height":63,"caption":"Silver Wave"},"image":{"@id":"https:\/\/silverwavemedical.com\/#\/schema\/logo\/image\/"}}]}},"jetpack_sharing_enabled":true,"_links":{"self":[{"href":"https:\/\/silverwavemedical.com\/fr\/wp-json\/wp\/v2\/product\/790"}],"collection":[{"href":"https:\/\/silverwavemedical.com\/fr\/wp-json\/wp\/v2\/product"}],"about":[{"href":"https:\/\/silverwavemedical.com\/fr\/wp-json\/wp\/v2\/types\/product"}],"wp:featuredmedia":[{"embeddable":true,"href":"https:\/\/silverwavemedical.com\/fr\/wp-json\/wp\/v2\/media\/363"}],"wp:attachment":[{"href":"https:\/\/silverwavemedical.com\/fr\/wp-json\/wp\/v2\/media?parent=790"}],"wp:term":[{"taxonomy":"product_cat","embeddable":true,"href":"https:\/\/silverwavemedical.com\/fr\/wp-json\/wp\/v2\/product_cat?post=790"},{"taxonomy":"product_tag","embeddable":true,"href":"https:\/\/silverwavemedical.com\/fr\/wp-json\/wp\/v2\/product_tag?post=790"}],"curies":[{"name":"wp","href":"https:\/\/api.w.org\/{rel}","templated":true}]}}