                          {"id":694,"date":"2019-07-23T08:32:06","date_gmt":"2019-07-23T06:32:06","guid":{"rendered":"http:\/\/silverwave.sfdbeta.be\/contactez-nous\/"},"modified":"2019-07-25T15:17:33","modified_gmt":"2019-07-25T13:17:33","slug":"contactez-nous","status":"publish","type":"page","link":"https:\/\/silverwavemedical.com\/fr\/contactez-nous\/","title":{"rendered":"Contactez nous"},"content":{"rendered":"<p>Pour toute question concernant notre gamme de produits, n&#8217;h\u00e9sitez pas \u00e0 nous envoyer un message. Nous vous r\u00e9pondrons dans les plus brefs d\u00e9lais. <\/p>\n<p>&nbsp;<\/p>\n<p>&nbsp;<\/p>\n\n<div class=\"wpcf7 no-js\" id=\"wpcf7-f827-o1\" lang=\"fr-FR\" dir=\"ltr\">\n<div class=\"screen-reader-response\"><p role=\"status\" aria-live=\"polite\" aria-atomic=\"true\"><\/p> <ul><\/ul><\/div>\n<form action=\"\/fr\/wp-json\/wp\/v2\/pages\/694#wpcf7-f827-o1\" method=\"post\" class=\"wpcf7-form init\" aria-label=\"Formulaire de contact\" novalidate=\"novalidate\" data-status=\"init\">\n<div style=\"display: none;\">\n<input type=\"hidden\" name=\"_wpcf7\" value=\"827\" \/>\n<input type=\"hidden\" name=\"_wpcf7_version\" value=\"5.9.8\" \/>\n<input type=\"hidden\" name=\"_wpcf7_locale\" value=\"fr_FR\" \/>\n<input type=\"hidden\" name=\"_wpcf7_unit_tag\" value=\"wpcf7-f827-o1\" \/>\n<input type=\"hidden\" name=\"_wpcf7_container_post\" value=\"0\" \/>\n<input type=\"hidden\" name=\"_wpcf7_posted_data_hash\" value=\"\" \/>\n<input type=\"hidden\" name=\"_wpcf7_recaptcha_response\" value=\"\" \/>\n<\/div>\n<div class=\"form-contact form-horizontal\" style=\"max-width : 970px;width : 100%;\">\n\n<div class=\"form-group\">\n    <label class=\"col-md-3 col-sm-12 col-xs-12 control-label\" for=\"your-name\"> Nom *<\/label>\n    <div class=\"col-md-7 col-sm-12 col-xs-12\">  \n       <span class=\"wpcf7-form-control-wrap\" data-name=\"your-name\"><input size=\"40\" maxlength=\"400\" class=\"wpcf7-form-control wpcf7-text wpcf7-validates-as-required form-control\" id=\"your-name\" aria-required=\"true\" aria-invalid=\"false\" value=\"\" type=\"text\" name=\"your-name\" \/><\/span> \n    <\/div>\n<\/div>\n\n\n<div class=\"form-group\">\n   <label class=\"col-md-3 col-sm-12 col-xs-12  control-label\" for=\"your-email \"> E-mail *<\/label>\n   <div class=\"col-md-7 col-sm-12 col-xs-12\">  \n       <span class=\"wpcf7-form-control-wrap\" data-name=\"your-email\"><input size=\"40\" maxlength=\"400\" class=\"wpcf7-form-control wpcf7-email wpcf7-validates-as-required wpcf7-text wpcf7-validates-as-email form-control\" id=\"your-email\" aria-required=\"true\" aria-invalid=\"false\" value=\"\" type=\"email\" name=\"your-email\" \/><\/span> \n   <\/div>\n<\/div>\n\n<div class=\"form-group\">\n    <label class=\"col-md-3 col-sm-12 col-xs-12  control-label\" for=\"your-subject \"> Sujet *<\/label>\n    <div class=\"col-md-7 col-sm-12 col-xs-12\"> \n        <span class=\"wpcf7-form-control-wrap\" data-name=\"your-subject\"><input size=\"40\" maxlength=\"400\" class=\"wpcf7-form-control wpcf7-text wpcf7-validates-as-required form-control\" id=\"your-subject\" aria-required=\"true\" aria-invalid=\"false\" value=\"\" type=\"text\" name=\"your-subject\" \/><\/span> \n    <\/div>\n<\/div>\n\n\n<div class=\"form-group\" style=\"margin-top : 10px;\">\n    <label class=\"col-md-3 col-sm-12 col-xs-12  control-label\" for=\"your-message \"> Message *<\/label>\n    <div class=\"col-md-7 col-sm-12 col-xs-12\"> \n        <span class=\"wpcf7-form-control-wrap\" data-name=\"your-message\"><textarea cols=\"40\" rows=\"10\" maxlength=\"2000\" class=\"wpcf7-form-control wpcf7-textarea wpcf7-validates-as-required form-control\" id=\"your-message\" aria-required=\"true\" aria-invalid=\"false\" name=\"your-message\"><\/textarea><\/span>  \n    <\/div>\n<\/div>\n<p style=\"margin-bottom: 10px; font-size: 12px; text-align: center;\">\nThis site is protected by reCAPTCHA and the Google\n    <a href=\"https:\/\/policies.google.com\/privacy\">Privacy Policy<\/a> and\n    <a href=\"https:\/\/policies.google.com\/terms\">Terms of Service<\/a> apply.\n<\/p>\n<div style=\"text-align : center;\">\n<input class=\"wpcf7-form-control wpcf7-submit has-spinner\" id=\"btn-submit\" type=\"submit\" value=\"Submit\" \/>\n<\/div>\n<\/div>\n<style>\n#btn-submit{    margin: 0 auto;}\n.form-contact input,.form-contact textarea{border-radius : 0;}\n.invalid input,.invalid  textarea{border-color : red;}\n<\/style><div class=\"wpcf7-response-output\" aria-hidden=\"true\"><\/div>\n<\/form>\n<\/div>\n\n","protected":false},"excerpt":{"rendered":"<p>Pour toute question concernant notre gamme de produits, n&#8217;h\u00e9sitez pas \u00e0 nous envoyer un message. Nous vous r\u00e9pondrons dans les plus brefs d\u00e9lais. &nbsp; &nbsp;<\/p>\n","protected":false},"author":1,"featured_media":0,"parent":0,"menu_order":0,"comment_status":"closed","ping_status":"closed","template":"","meta":{"_acf_changed":false,"footnotes":""},"class_list":["post-694","page","type-page","status-publish","hentry"],"acf":[],"yoast_head":"<!-- This site is optimized with the Yoast SEO plugin v23.5 - https:\/\/yoast.com\/wordpress\/plugins\/seo\/ -->\n<title>Contactez nous - Silver Wave<\/title>\n<meta name=\"robots\" content=\"index, follow, max-snippet:-1, max-image-preview:large, max-video-preview:-1\" \/>\n<link rel=\"canonical\" href=\"https:\/\/silverwavemedical.com\/fr\/contactez-nous\/\" \/>\n<meta property=\"og:locale\" content=\"fr_FR\" \/>\n<meta property=\"og:type\" content=\"article\" \/>\n<meta property=\"og:title\" content=\"Contactez nous - Silver Wave\" \/>\n<meta property=\"og:description\" content=\"Pour toute question concernant notre gamme de produits, n&#8217;h\u00e9sitez pas \u00e0 nous envoyer un message. Nous vous r\u00e9pondrons dans les plus brefs d\u00e9lais. &nbsp; &nbsp;\" \/>\n<meta property=\"og:url\" content=\"https:\/\/silverwavemedical.com\/fr\/contactez-nous\/\" \/>\n<meta property=\"og:site_name\" content=\"Silver Wave\" \/>\n<meta property=\"article:modified_time\" content=\"2019-07-25T13:17:33+00:00\" \/>\n<meta name=\"twitter:card\" content=\"summary_large_image\" \/>\n<script type=\"application\/ld+json\" class=\"yoast-schema-graph\">{\"@context\":\"https:\/\/schema.org\",\"@graph\":[{\"@type\":\"WebPage\",\"@id\":\"https:\/\/silverwavemedical.com\/fr\/contactez-nous\/\",\"url\":\"https:\/\/silverwavemedical.com\/fr\/contactez-nous\/\",\"name\":\"Contactez nous - Silver Wave\",\"isPartOf\":{\"@id\":\"https:\/\/silverwavemedical.com\/#website\"},\"datePublished\":\"2019-07-23T06:32:06+00:00\",\"dateModified\":\"2019-07-25T13:17:33+00:00\",\"breadcrumb\":{\"@id\":\"https:\/\/silverwavemedical.com\/fr\/contactez-nous\/#breadcrumb\"},\"inLanguage\":\"fr-FR\",\"potentialAction\":[{\"@type\":\"ReadAction\",\"target\":[\"https:\/\/silverwavemedical.com\/fr\/contactez-nous\/\"]}]},{\"@type\":\"BreadcrumbList\",\"@id\":\"https:\/\/silverwavemedical.com\/fr\/contactez-nous\/#breadcrumb\",\"itemListElement\":[{\"@type\":\"ListItem\",\"position\":1,\"name\":\"Accueil\",\"item\":\"http:\/\/silverwavemedical.com\/fr\/\"},{\"@type\":\"ListItem\",\"position\":2,\"name\":\"Contactez nous\"}]},{\"@type\":\"WebSite\",\"@id\":\"https:\/\/silverwavemedical.com\/#website\",\"url\":\"https:\/\/silverwavemedical.com\/\",\"name\":\"Silver Wave\",\"description\":\"\",\"publisher\":{\"@id\":\"https:\/\/silverwavemedical.com\/#organization\"},\"potentialAction\":[{\"@type\":\"SearchAction\",\"target\":{\"@type\":\"EntryPoint\",\"urlTemplate\":\"https:\/\/silverwavemedical.com\/?s={search_term_string}\"},\"query-input\":{\"@type\":\"PropertyValueSpecification\",\"valueRequired\":true,\"valueName\":\"search_term_string\"}}],\"inLanguage\":\"fr-FR\"},{\"@type\":\"Organization\",\"@id\":\"https:\/\/silverwavemedical.com\/#organization\",\"name\":\"Silver Wave\",\"url\":\"https:\/\/silverwavemedical.com\/\",\"logo\":{\"@type\":\"ImageObject\",\"inLanguage\":\"fr-FR\",\"@id\":\"https:\/\/silverwavemedical.com\/#\/schema\/logo\/image\/\",\"url\":\"https:\/\/silverwavemedical.com\/wp-content\/uploads\/2018\/11\/logo.png\",\"contentUrl\":\"https:\/\/silverwavemedical.com\/wp-content\/uploads\/2018\/11\/logo.png\",\"width\":117,\"height\":63,\"caption\":\"Silver Wave\"},\"image\":{\"@id\":\"https:\/\/silverwavemedical.com\/#\/schema\/logo\/image\/\"}}]}<\/script>\n<!-- \/ Yoast SEO plugin. -->","yoast_head_json":{"title":"Contactez nous - Silver Wave","robots":{"index":"index","follow":"follow","max-snippet":"max-snippet:-1","max-image-preview":"max-image-preview:large","max-video-preview":"max-video-preview:-1"},"canonical":"https:\/\/silverwavemedical.com\/fr\/contactez-nous\/","og_locale":"fr_FR","og_type":"article","og_title":"Contactez nous - Silver Wave","og_description":"Pour toute question concernant notre gamme de produits, n&#8217;h\u00e9sitez pas \u00e0 nous envoyer un message. Nous vous r\u00e9pondrons dans les plus brefs d\u00e9lais. &nbsp; &nbsp;","og_url":"https:\/\/silverwavemedical.com\/fr\/contactez-nous\/","og_site_name":"Silver Wave","article_modified_time":"2019-07-25T13:17:33+00:00","twitter_card":"summary_large_image","schema":{"@context":"https:\/\/schema.org","@graph":[{"@type":"WebPage","@id":"https:\/\/silverwavemedical.com\/fr\/contactez-nous\/","url":"https:\/\/silverwavemedical.com\/fr\/contactez-nous\/","name":"Contactez nous - Silver Wave","isPartOf":{"@id":"https:\/\/silverwavemedical.com\/#website"},"datePublished":"2019-07-23T06:32:06+00:00","dateModified":"2019-07-25T13:17:33+00:00","breadcrumb":{"@id":"https:\/\/silverwavemedical.com\/fr\/contactez-nous\/#breadcrumb"},"inLanguage":"fr-FR","potentialAction":[{"@type":"ReadAction","target":["https:\/\/silverwavemedical.com\/fr\/contactez-nous\/"]}]},{"@type":"BreadcrumbList","@id":"https:\/\/silverwavemedical.com\/fr\/contactez-nous\/#breadcrumb","itemListElement":[{"@type":"ListItem","position":1,"name":"Accueil","item":"http:\/\/silverwavemedical.com\/fr\/"},{"@type":"ListItem","position":2,"name":"Contactez nous"}]},{"@type":"WebSite","@id":"https:\/\/silverwavemedical.com\/#website","url":"https:\/\/silverwavemedical.com\/","name":"Silver Wave","description":"","publisher":{"@id":"https:\/\/silverwavemedical.com\/#organization"},"potentialAction":[{"@type":"SearchAction","target":{"@type":"EntryPoint","urlTemplate":"https:\/\/silverwavemedical.com\/?s={search_term_string}"},"query-input":{"@type":"PropertyValueSpecification","valueRequired":true,"valueName":"search_term_string"}}],"inLanguage":"fr-FR"},{"@type":"Organization","@id":"https:\/\/silverwavemedical.com\/#organization","name":"Silver Wave","url":"https:\/\/silverwavemedical.com\/","logo":{"@type":"ImageObject","inLanguage":"fr-FR","@id":"https:\/\/silverwavemedical.com\/#\/schema\/logo\/image\/","url":"https:\/\/silverwavemedical.com\/wp-content\/uploads\/2018\/11\/logo.png","contentUrl":"https:\/\/silverwavemedical.com\/wp-content\/uploads\/2018\/11\/logo.png","width":117,"height":63,"caption":"Silver Wave"},"image":{"@id":"https:\/\/silverwavemedical.com\/#\/schema\/logo\/image\/"}}]}},"jetpack_sharing_enabled":true,"_links":{"self":[{"href":"https:\/\/silverwavemedical.com\/fr\/wp-json\/wp\/v2\/pages\/694"}],"collection":[{"href":"https:\/\/silverwavemedical.com\/fr\/wp-json\/wp\/v2\/pages"}],"about":[{"href":"https:\/\/silverwavemedical.com\/fr\/wp-json\/wp\/v2\/types\/page"}],"author":[{"embeddable":true,"href":"https:\/\/silverwavemedical.com\/fr\/wp-json\/wp\/v2\/users\/1"}],"replies":[{"embeddable":true,"href":"https:\/\/silverwavemedical.com\/fr\/wp-json\/wp\/v2\/comments?post=694"}],"version-history":[{"count":1,"href":"https:\/\/silverwavemedical.com\/fr\/wp-json\/wp\/v2\/pages\/694\/revisions"}],"predecessor-version":[{"id":828,"href":"https:\/\/silverwavemedical.com\/fr\/wp-json\/wp\/v2\/pages\/694\/revisions\/828"}],"wp:attachment":[{"href":"https:\/\/silverwavemedical.com\/fr\/wp-json\/wp\/v2\/media?parent=694"}],"curies":[{"name":"wp","href":"https:\/\/api.w.org\/{rel}","templated":true}]}}