                          {"id":681,"date":"2019-07-16T14:55:08","date_gmt":"2019-07-16T12:55:08","guid":{"rendered":"http:\/\/silverwave.sfdbeta.be\/?page_id=681"},"modified":"2022-09-19T18:20:11","modified_gmt":"2022-09-19T16:20:11","slug":"pourquoi-boire-du-collagene","status":"publish","type":"page","link":"https:\/\/silverwavemedical.com\/fr\/pourquoi-boire-du-collagene\/","title":{"rendered":"Pourquoi boire du collag\u00e8ne ?"},"content":{"rendered":"<h1><img decoding=\"async\" class=\"alignnone wp-image-457 size-full\" style=\"width: 100%; height: auto;\" src=\"http:\/\/silverwavemedical.com\/wp-content\/uploads\/2019\/09\/Agissez-de-linte\u0301rieur-pour-faire-ressortir-la-beaute\u0301-qui-est-en-vous.png\" alt=\"\" \/><\/h1>\n<h1>TIME SUBLIME Collagen Drink, votre partenaire anti-\u00e2ge<\/h1>\n<p>Votre beaut\u00e9 est un rituel quotidien qui vous emm\u00e8ne sur la voie du mieux-\u00eatre. Avec TIME SUBLIME Collagen Drink nous nous engageons \u00e0 vos c\u00f4t\u00e9s, jour apr\u00e8s jour, pour am\u00e9liorer la qualit\u00e9 de votre peau, non seulement du visage, mais de tout le corps.<\/p>\n<p>&nbsp;<\/p>\n<h2>Pourquoi les rides apparaissent\u00a0? Par manque de collag\u00e8ne.<\/h2>\n<p>Pour lutter contre le vieillissement, il faut reconstituer la matrice extra-cellulaire. Mais celle-ci est compos\u00e9e essentiellement de collag\u00e8ne. L\u2019enjeu: compenser la baisse de collag\u00e8ne dans la peau qui survient avec l\u2019\u00e2ge et stimuler la production naturelle de nouveau collag\u00e8ne.<\/p>\n<p>&nbsp;<\/p>\n<h2>TIME SUBLIME Collagen Drink, une solution anti-\u00e2ge innovante<\/h2>\n<div class=\"flex-block\">\n<p><a href=\"http:\/\/silverwavemedical.com\/wp-content\/uploads\/2018\/11\/Silver-Wave-2-10.png\"><img loading=\"lazy\" decoding=\"async\" class=\"alignnone wp-image-2061 size-large\" src=\"http:\/\/silverwavemedical.com\/wp-content\/uploads\/2018\/11\/Silver-Wave-2-10-1024x1024.png\" alt=\"\" width=\"840\" height=\"840\" srcset=\"https:\/\/silverwavemedical.com\/wp-content\/uploads\/2018\/11\/Silver-Wave-2-10-1024x1024.png 1024w, https:\/\/silverwavemedical.com\/wp-content\/uploads\/2018\/11\/Silver-Wave-2-10-300x300.png 300w, https:\/\/silverwavemedical.com\/wp-content\/uploads\/2018\/11\/Silver-Wave-2-10-150x150.png 150w, https:\/\/silverwavemedical.com\/wp-content\/uploads\/2018\/11\/Silver-Wave-2-10-768x768.png 768w, https:\/\/silverwavemedical.com\/wp-content\/uploads\/2018\/11\/Silver-Wave-2-10-1536x1536.png 1536w, https:\/\/silverwavemedical.com\/wp-content\/uploads\/2018\/11\/Silver-Wave-2-10-2048x2048.png 2048w, https:\/\/silverwavemedical.com\/wp-content\/uploads\/2018\/11\/Silver-Wave-2-10-1200x1200.png 1200w, https:\/\/silverwavemedical.com\/wp-content\/uploads\/2018\/11\/Silver-Wave-2-10-24x24.png 24w, https:\/\/silverwavemedical.com\/wp-content\/uploads\/2018\/11\/Silver-Wave-2-10-36x36.png 36w, https:\/\/silverwavemedical.com\/wp-content\/uploads\/2018\/11\/Silver-Wave-2-10-48x48.png 48w, https:\/\/silverwavemedical.com\/wp-content\/uploads\/2018\/11\/Silver-Wave-2-10-600x600.png 600w, https:\/\/silverwavemedical.com\/wp-content\/uploads\/2018\/11\/Silver-Wave-2-10-100x100.png 100w\" sizes=\"(max-width: 709px) 85vw, (max-width: 909px) 67vw, (max-width: 1362px) 62vw, 840px\" \/><\/a><\/p>\n<div>\n<p style=\"text-align: left;\"><strong>Le collag\u00e8ne est une prot\u00e9ine pr\u00e9sente naturellement dans le derme, constituant la majeure partie de la structure de la peau, mais aussi des ongles et des cheveux.<\/strong><\/p>\n<p>&nbsp;<\/p>\n<p style=\"text-align: left;\">Le collag\u00e8ne a de nombreuses propri\u00e9t\u00e9s anti-\u00e2ge et permet \u00e0 la peau de rester ferme et de garder son \u00e9lasticit\u00e9.<\/p>\n<\/div>\n<\/div>\n<p><strong>Le corps humain produit du collag\u00e8ne tout au long de notre vie, mais cette production diminue beaucoup avec l&#8217;\u00e2ge.<\/strong><\/p>\n<p>Gr\u00e2ce au principe d&#8217;hom\u00e9ostasie, l&#8217;absorption de collag\u00e8ne stimule votre production naturelle de collag\u00e8ne. Contrairement \u00e0 l&#8217;acide hyaluronique, le collag\u00e8ne peut \u00eatre ing\u00e9r\u00e9 : la quasi-totalit\u00e9 du collag\u00e8ne est absorb\u00e9e par votre corps. En effet ses propri\u00e9t\u00e9s hydrophobiques et sa fragmentation lui permettent de passer la barri\u00e8re intestinale et d&#8217;atteindre les tissus de la peau apr\u00e8s 30 min afin de r\u00e9activer la production de collag\u00e8ne. De plus, le collag\u00e8ne agit non seulement sur la peau mais \u00e9galement sur l&#8217;ensemble du corps, et notamment au niveau des ongles et des cheveux.<\/p>\n<p>&nbsp;<\/p>\n<p>&nbsp;<\/p>\n<h2>TIME SUBLIME Collagen Drink s\u2019engage en faveur de votre bien-\u00eatre<\/h2>\n<p>Combattre les signes visibles li\u00e9s \u00e0 l\u2019\u00e2ge n\u2019est pas qu\u2019une question de beaut\u00e9 ou d\u2019esth\u00e9tique. C\u2019est aussi un enjeu de bien-\u00eatre, de mieux \u00eatre. Se sentir mieux aide \u00e0 d\u00e9velopper son mieux-\u00eatre, et par cons\u00e9quent \u00e0 rester en bonne sant\u00e9.<br \/>\nTIME SUBLIME Collagen Drink, et son d\u00e9licieux go\u00fbt myrtille devient un rituel simple et agr\u00e9able. Nous vous conseillons de le garder au frais et de le consommer le matin avant votre petit-d\u00e9jeuner.<\/p>\n<p>&nbsp;<\/p>\n<h2>EFFICACE, SAIN &amp; NATUREL<\/h2>\n<p>La formule de TIME SUBLIME Collagen Drink est id\u00e9alement dos\u00e9e sans ingr\u00e9dient superflu. Sans sucres ajout\u00e9s et sans \u00e9dulcorant, il ne contient ni gluten ni colorants artificiels et d\u00e9riv\u00e9 laitier.<\/p>\n<p>&nbsp;<\/p>\n<p>&nbsp;<\/p>\n<h2>De quoi est compos\u00e9 TIME SUBLIME Collagen Drink\u00a0?<\/h2>\n<p><h2 id=\"tablepress-6-name\" class=\"tablepress-table-name tablepress-table-name-id-6\">Ingr\u00e9dients actifs<\/h2>\n\n<table id=\"tablepress-6\" class=\"tablepress tablepress-id-6\" aria-labelledby=\"tablepress-6-name\">\n<tbody>\n<tr class=\"row-1\">\n\t<td class=\"column-1\"><\/td><td class=\"column-2\"><strong>Collag\u00e8ne hydrolys\u00e9<\/strong><\/td><td class=\"column-3\">10g<\/td>\n<\/tr>\n<tr class=\"row-2\">\n\t<td class=\"column-1\"><\/td><td class=\"column-2\"><strong>Vitamines<\/strong><\/td><td class=\"column-3\">A, C, E, B8<\/td>\n<\/tr>\n<tr class=\"row-3\">\n\t<td class=\"column-1\"><\/td><td class=\"column-2\"><strong>Zinc<\/strong><\/td><td class=\"column-3\"><\/td>\n<\/tr>\n<\/tbody>\n<\/table>\n<!-- #tablepress-6 from cache --><br \/>\n<h2 id=\"tablepress-5-name\" class=\"tablepress-table-name tablepress-table-name-id-5\">Valeurs nutritionnelles<\/h2>\n\n<table id=\"tablepress-5\" class=\"tablepress tablepress-id-5\" aria-labelledby=\"tablepress-5-name\">\n<tbody>\n<tr class=\"row-1\">\n\t<td class=\"column-1\"><\/td><td class=\"column-2\">VALEUR NUTRITIVE<\/td><td class=\"column-3\">PAR 100ML<\/td><td class=\"column-4\">PAR FLACON<\/td>\n<\/tr>\n<tr class=\"row-2\">\n\t<td class=\"column-1\"><\/td><td class=\"column-2\"><strong>Energie<\/strong><\/td><td class=\"column-3\">719 Kj \/ 193 Kcal<\/td><td class=\"column-4\">180 Kj \/ 48 Kcal<\/td>\n<\/tr>\n<tr class=\"row-3\">\n\t<td class=\"column-1\"><\/td><td class=\"column-2\"><strong>Lipides<\/strong><\/td><td class=\"column-3\">0,34g<\/td><td class=\"column-4\">moins de 0,1g<\/td>\n<\/tr>\n<tr class=\"row-4\">\n\t<td class=\"column-1\"><\/td><td class=\"column-2\"><strong>Glucides<\/strong><\/td><td class=\"column-3\">11,5g<\/td><td class=\"column-4\">2,9g<\/td>\n<\/tr>\n<tr class=\"row-5\">\n\t<td class=\"column-1\"><\/td><td class=\"column-2\"><strong>Prot\u00e9ines<\/strong><\/td><td class=\"column-3\">38,3g<\/td><td class=\"column-4\">9,6g<\/td>\n<\/tr>\n<tr class=\"row-6\">\n\t<td class=\"column-1\"><\/td><td class=\"column-2\"><strong>Sel<\/strong><\/td><td class=\"column-3\">0,5g<\/td><td class=\"column-4\">0,1g<\/td>\n<\/tr>\n<\/tbody>\n<\/table>\n<!-- #tablepress-5 from cache --><\/p>\n<p><a href=\"http:\/\/silverwavemedical.com\/fr\/produit\/time-sublime-collagen-drink\/\">D\u00e9couvrir le collag\u00e8ne \u00e0 boire TIME SUBLIME<\/a><\/p>\n<h2><\/h2>\n<p>&nbsp;<\/p>\n<h2>Acide Hyaluronique vs Collag\u00e8ne<\/h2>\n<p>Largement utilis\u00e9 en m\u00e9decine esth\u00e9tique anti-\u00e2ge sous forme d&#8217;injections, l\u2019Acide Hyaluronique aide \u00e0 regonfler localement la peau et \u00e0 combler les rides, notamment les rides d\u2019expression (autour de la bouche, ride du lion, sillons nasog\u00e9niens etc.).<\/p>\n<p>&nbsp;<\/p>\n<p>Malgr\u00e9 des r\u00e9sultats visibles, son action en surface ne r\u00e8gle pas globalement le probl\u00e8me du vieillissement de la peau (cou, d\u00e9collet\u00e9, corps, ongles, cheveux, etc.). Si les travaux sur l&#8217;Acide Hyaluronique ont permis de faire de grandes avanc\u00e9es en mati\u00e8re de vieillissement de la peau, la mol\u00e9cule ne ram\u00e8ne pas la qualit\u00e9 du derme. Par ailleurs, la pr\u00e9sence dans le sang des Acides Hyaluroniques hydrolys\u00e9s n\u2019aurait pas le m\u00eame effet. En effet, l\u2019Acide Hyaluronique est \u00e9limin\u00e9 tr\u00e8s rapidement dans le circuit lymphatique d\u00e8s qu\u2019il est fragment\u00e9. Pour le collag\u00e8ne, c\u2019est l\u2019inverse.<\/p>\n<p>&nbsp;<\/p>\n","protected":false},"excerpt":{"rendered":"<p>TIME SUBLIME Collagen Drink, votre partenaire anti-\u00e2ge Votre beaut\u00e9 est un rituel quotidien qui vous emm\u00e8ne sur la voie du mieux-\u00eatre. Avec TIME SUBLIME Collagen Drink nous nous engageons \u00e0 vos c\u00f4t\u00e9s, jour apr\u00e8s jour, pour am\u00e9liorer la qualit\u00e9 de votre peau, non seulement du visage, mais de tout le corps. &nbsp; Pourquoi les rides &hellip; <a href=\"https:\/\/silverwavemedical.com\/fr\/pourquoi-boire-du-collagene\/\" class=\"more-link\">Continue reading<span class=\"screen-reader-text\"> &#8220;Pourquoi boire du collag\u00e8ne ?&#8221;<\/span><\/a><\/p>\n","protected":false},"author":1,"featured_media":0,"parent":0,"menu_order":0,"comment_status":"closed","ping_status":"closed","template":"","meta":{"_acf_changed":false,"footnotes":""},"class_list":["post-681","page","type-page","status-publish","hentry"],"acf":[],"yoast_head":"<!-- This site is optimized with the Yoast SEO plugin v23.5 - https:\/\/yoast.com\/wordpress\/plugins\/seo\/ -->\n<title>Pourquoi Boire du Collag\u00e8ne \u00e0 Boire Hydrolis\u00e9 ? - Silverwave<\/title>\n<meta name=\"description\" content=\"Connaissez-vous le collag\u00e8ne \u00e0 boire et ses b\u00e9n\u00e9fices pour la peau? Il est utilis\u00e9 pour pr\u00e9venir le vieillissement cutan\u00e9, supprimer les cicatrices dues \u00e0 l&#039;acn\u00e9 et augmenter l&#039;\u00e9lasticit\u00e9 de la peau. Un v\u00e9ritable cocktail rajeunissant !\" \/>\n<meta name=\"robots\" content=\"index, follow, max-snippet:-1, max-image-preview:large, max-video-preview:-1\" \/>\n<link rel=\"canonical\" href=\"http:\/\/silverwavemedical.com\/fr\/pourquoi-boire-du-collagene\/\" \/>\n<meta property=\"og:locale\" content=\"fr_FR\" \/>\n<meta property=\"og:type\" content=\"article\" \/>\n<meta property=\"og:title\" content=\"Pourquoi Boire du Collag\u00e8ne \u00e0 Boire Hydrolis\u00e9 ? - Silverwave\" \/>\n<meta property=\"og:description\" content=\"Connaissez-vous le collag\u00e8ne \u00e0 boire et ses b\u00e9n\u00e9fices pour la peau? Il est utilis\u00e9 pour pr\u00e9venir le vieillissement cutan\u00e9, supprimer les cicatrices dues \u00e0 l&#039;acn\u00e9 et augmenter l&#039;\u00e9lasticit\u00e9 de la peau. Un v\u00e9ritable cocktail rajeunissant !\" \/>\n<meta property=\"og:url\" content=\"http:\/\/silverwavemedical.com\/fr\/pourquoi-boire-du-collagene\/\" \/>\n<meta property=\"og:site_name\" content=\"Silver Wave\" \/>\n<meta property=\"article:modified_time\" content=\"2022-09-19T16:20:11+00:00\" \/>\n<meta property=\"og:image\" content=\"http:\/\/silverwavemedical.com\/wp-content\/uploads\/2019\/02\/SW_portrait_collagen-min-e1550645531745.jpg\" \/>\n\t<meta property=\"og:image:width\" content=\"400\" \/>\n\t<meta property=\"og:image:height\" content=\"400\" \/>\n\t<meta property=\"og:image:type\" content=\"image\/jpeg\" \/>\n<meta name=\"twitter:card\" content=\"summary_large_image\" \/>\n<meta name=\"twitter:title\" content=\"Pourquoi Boire du Collag\u00e8ne \u00e0 Boire Hydrolis\u00e9 ? - Silverwave\" \/>\n<meta name=\"twitter:description\" content=\"Connaissez-vous le collag\u00e8ne \u00e0 boire et ses b\u00e9n\u00e9fices pour la peau? Il est utilis\u00e9 pour pr\u00e9venir le vieillissement cutan\u00e9, supprimer les cicatrices dues \u00e0 l&#039;acn\u00e9 et augmenter l&#039;\u00e9lasticit\u00e9 de la peau. Un v\u00e9ritable cocktail rajeunissant !\" \/>\n<meta name=\"twitter:image\" content=\"http:\/\/silverwavemedical.com\/wp-content\/uploads\/2019\/02\/SW_portrait_collagen-min-e1550645531745.jpg\" \/>\n<meta name=\"twitter:label1\" content=\"Dur\u00e9e de lecture estim\u00e9e\" \/>\n\t<meta name=\"twitter:data1\" content=\"3 minutes\" \/>\n<script type=\"application\/ld+json\" class=\"yoast-schema-graph\">{\"@context\":\"https:\/\/schema.org\",\"@graph\":[{\"@type\":\"WebPage\",\"@id\":\"http:\/\/silverwavemedical.com\/fr\/pourquoi-boire-du-collagene\/\",\"url\":\"http:\/\/silverwavemedical.com\/fr\/pourquoi-boire-du-collagene\/\",\"name\":\"Pourquoi Boire du Collag\u00e8ne \u00e0 Boire Hydrolis\u00e9 ? - Silverwave\",\"isPartOf\":{\"@id\":\"https:\/\/silverwavemedical.com\/#website\"},\"primaryImageOfPage\":{\"@id\":\"http:\/\/silverwavemedical.com\/fr\/pourquoi-boire-du-collagene\/#primaryimage\"},\"image\":{\"@id\":\"http:\/\/silverwavemedical.com\/fr\/pourquoi-boire-du-collagene\/#primaryimage\"},\"thumbnailUrl\":\"http:\/\/silverwavemedical.com\/wp-content\/uploads\/2018\/11\/Silver-Wave-2-10-1024x1024.png\",\"datePublished\":\"2019-07-16T12:55:08+00:00\",\"dateModified\":\"2022-09-19T16:20:11+00:00\",\"description\":\"Connaissez-vous le collag\u00e8ne \u00e0 boire et ses b\u00e9n\u00e9fices pour la peau? Il est utilis\u00e9 pour pr\u00e9venir le vieillissement cutan\u00e9, supprimer les cicatrices dues \u00e0 l'acn\u00e9 et augmenter l'\u00e9lasticit\u00e9 de la peau. Un v\u00e9ritable cocktail rajeunissant !\",\"breadcrumb\":{\"@id\":\"http:\/\/silverwavemedical.com\/fr\/pourquoi-boire-du-collagene\/#breadcrumb\"},\"inLanguage\":\"fr-FR\",\"potentialAction\":[{\"@type\":\"ReadAction\",\"target\":[\"http:\/\/silverwavemedical.com\/fr\/pourquoi-boire-du-collagene\/\"]}]},{\"@type\":\"ImageObject\",\"inLanguage\":\"fr-FR\",\"@id\":\"http:\/\/silverwavemedical.com\/fr\/pourquoi-boire-du-collagene\/#primaryimage\",\"url\":\"http:\/\/silverwavemedical.com\/wp-content\/uploads\/2018\/11\/Silver-Wave-2-10-1024x1024.png\",\"contentUrl\":\"http:\/\/silverwavemedical.com\/wp-content\/uploads\/2018\/11\/Silver-Wave-2-10-1024x1024.png\"},{\"@type\":\"BreadcrumbList\",\"@id\":\"http:\/\/silverwavemedical.com\/fr\/pourquoi-boire-du-collagene\/#breadcrumb\",\"itemListElement\":[{\"@type\":\"ListItem\",\"position\":1,\"name\":\"Accueil\",\"item\":\"http:\/\/silverwavemedical.com\/fr\/\"},{\"@type\":\"ListItem\",\"position\":2,\"name\":\"Pourquoi boire du collag\u00e8ne ?\"}]},{\"@type\":\"WebSite\",\"@id\":\"https:\/\/silverwavemedical.com\/#website\",\"url\":\"https:\/\/silverwavemedical.com\/\",\"name\":\"Silver Wave\",\"description\":\"\",\"publisher\":{\"@id\":\"https:\/\/silverwavemedical.com\/#organization\"},\"potentialAction\":[{\"@type\":\"SearchAction\",\"target\":{\"@type\":\"EntryPoint\",\"urlTemplate\":\"https:\/\/silverwavemedical.com\/?s={search_term_string}\"},\"query-input\":{\"@type\":\"PropertyValueSpecification\",\"valueRequired\":true,\"valueName\":\"search_term_string\"}}],\"inLanguage\":\"fr-FR\"},{\"@type\":\"Organization\",\"@id\":\"https:\/\/silverwavemedical.com\/#organization\",\"name\":\"Silver Wave\",\"url\":\"https:\/\/silverwavemedical.com\/\",\"logo\":{\"@type\":\"ImageObject\",\"inLanguage\":\"fr-FR\",\"@id\":\"https:\/\/silverwavemedical.com\/#\/schema\/logo\/image\/\",\"url\":\"https:\/\/silverwavemedical.com\/wp-content\/uploads\/2018\/11\/logo.png\",\"contentUrl\":\"https:\/\/silverwavemedical.com\/wp-content\/uploads\/2018\/11\/logo.png\",\"width\":117,\"height\":63,\"caption\":\"Silver Wave\"},\"image\":{\"@id\":\"https:\/\/silverwavemedical.com\/#\/schema\/logo\/image\/\"}}]}<\/script>\n<!-- \/ Yoast SEO plugin. -->","yoast_head_json":{"title":"Pourquoi Boire du Collag\u00e8ne \u00e0 Boire Hydrolis\u00e9 ? - Silverwave","description":"Connaissez-vous le collag\u00e8ne \u00e0 boire et ses b\u00e9n\u00e9fices pour la peau? Il est utilis\u00e9 pour pr\u00e9venir le vieillissement cutan\u00e9, supprimer les cicatrices dues \u00e0 l'acn\u00e9 et augmenter l'\u00e9lasticit\u00e9 de la peau. Un v\u00e9ritable cocktail rajeunissant !","robots":{"index":"index","follow":"follow","max-snippet":"max-snippet:-1","max-image-preview":"max-image-preview:large","max-video-preview":"max-video-preview:-1"},"canonical":"http:\/\/silverwavemedical.com\/fr\/pourquoi-boire-du-collagene\/","og_locale":"fr_FR","og_type":"article","og_title":"Pourquoi Boire du Collag\u00e8ne \u00e0 Boire Hydrolis\u00e9 ? - Silverwave","og_description":"Connaissez-vous le collag\u00e8ne \u00e0 boire et ses b\u00e9n\u00e9fices pour la peau? Il est utilis\u00e9 pour pr\u00e9venir le vieillissement cutan\u00e9, supprimer les cicatrices dues \u00e0 l'acn\u00e9 et augmenter l'\u00e9lasticit\u00e9 de la peau. Un v\u00e9ritable cocktail rajeunissant !","og_url":"http:\/\/silverwavemedical.com\/fr\/pourquoi-boire-du-collagene\/","og_site_name":"Silver Wave","article_modified_time":"2022-09-19T16:20:11+00:00","og_image":[{"width":400,"height":400,"url":"http:\/\/silverwavemedical.com\/wp-content\/uploads\/2019\/02\/SW_portrait_collagen-min-e1550645531745.jpg","type":"image\/jpeg"}],"twitter_card":"summary_large_image","twitter_title":"Pourquoi Boire du Collag\u00e8ne \u00e0 Boire Hydrolis\u00e9 ? - Silverwave","twitter_description":"Connaissez-vous le collag\u00e8ne \u00e0 boire et ses b\u00e9n\u00e9fices pour la peau? Il est utilis\u00e9 pour pr\u00e9venir le vieillissement cutan\u00e9, supprimer les cicatrices dues \u00e0 l'acn\u00e9 et augmenter l'\u00e9lasticit\u00e9 de la peau. Un v\u00e9ritable cocktail rajeunissant !","twitter_image":"http:\/\/silverwavemedical.com\/wp-content\/uploads\/2019\/02\/SW_portrait_collagen-min-e1550645531745.jpg","twitter_misc":{"Dur\u00e9e de lecture estim\u00e9e":"3 minutes"},"schema":{"@context":"https:\/\/schema.org","@graph":[{"@type":"WebPage","@id":"http:\/\/silverwavemedical.com\/fr\/pourquoi-boire-du-collagene\/","url":"http:\/\/silverwavemedical.com\/fr\/pourquoi-boire-du-collagene\/","name":"Pourquoi Boire du Collag\u00e8ne \u00e0 Boire Hydrolis\u00e9 ? - Silverwave","isPartOf":{"@id":"https:\/\/silverwavemedical.com\/#website"},"primaryImageOfPage":{"@id":"http:\/\/silverwavemedical.com\/fr\/pourquoi-boire-du-collagene\/#primaryimage"},"image":{"@id":"http:\/\/silverwavemedical.com\/fr\/pourquoi-boire-du-collagene\/#primaryimage"},"thumbnailUrl":"http:\/\/silverwavemedical.com\/wp-content\/uploads\/2018\/11\/Silver-Wave-2-10-1024x1024.png","datePublished":"2019-07-16T12:55:08+00:00","dateModified":"2022-09-19T16:20:11+00:00","description":"Connaissez-vous le collag\u00e8ne \u00e0 boire et ses b\u00e9n\u00e9fices pour la peau? Il est utilis\u00e9 pour pr\u00e9venir le vieillissement cutan\u00e9, supprimer les cicatrices dues \u00e0 l'acn\u00e9 et augmenter l'\u00e9lasticit\u00e9 de la peau. Un v\u00e9ritable cocktail rajeunissant !","breadcrumb":{"@id":"http:\/\/silverwavemedical.com\/fr\/pourquoi-boire-du-collagene\/#breadcrumb"},"inLanguage":"fr-FR","potentialAction":[{"@type":"ReadAction","target":["http:\/\/silverwavemedical.com\/fr\/pourquoi-boire-du-collagene\/"]}]},{"@type":"ImageObject","inLanguage":"fr-FR","@id":"http:\/\/silverwavemedical.com\/fr\/pourquoi-boire-du-collagene\/#primaryimage","url":"http:\/\/silverwavemedical.com\/wp-content\/uploads\/2018\/11\/Silver-Wave-2-10-1024x1024.png","contentUrl":"http:\/\/silverwavemedical.com\/wp-content\/uploads\/2018\/11\/Silver-Wave-2-10-1024x1024.png"},{"@type":"BreadcrumbList","@id":"http:\/\/silverwavemedical.com\/fr\/pourquoi-boire-du-collagene\/#breadcrumb","itemListElement":[{"@type":"ListItem","position":1,"name":"Accueil","item":"http:\/\/silverwavemedical.com\/fr\/"},{"@type":"ListItem","position":2,"name":"Pourquoi boire du collag\u00e8ne ?"}]},{"@type":"WebSite","@id":"https:\/\/silverwavemedical.com\/#website","url":"https:\/\/silverwavemedical.com\/","name":"Silver Wave","description":"","publisher":{"@id":"https:\/\/silverwavemedical.com\/#organization"},"potentialAction":[{"@type":"SearchAction","target":{"@type":"EntryPoint","urlTemplate":"https:\/\/silverwavemedical.com\/?s={search_term_string}"},"query-input":{"@type":"PropertyValueSpecification","valueRequired":true,"valueName":"search_term_string"}}],"inLanguage":"fr-FR"},{"@type":"Organization","@id":"https:\/\/silverwavemedical.com\/#organization","name":"Silver Wave","url":"https:\/\/silverwavemedical.com\/","logo":{"@type":"ImageObject","inLanguage":"fr-FR","@id":"https:\/\/silverwavemedical.com\/#\/schema\/logo\/image\/","url":"https:\/\/silverwavemedical.com\/wp-content\/uploads\/2018\/11\/logo.png","contentUrl":"https:\/\/silverwavemedical.com\/wp-content\/uploads\/2018\/11\/logo.png","width":117,"height":63,"caption":"Silver Wave"},"image":{"@id":"https:\/\/silverwavemedical.com\/#\/schema\/logo\/image\/"}}]}},"jetpack_sharing_enabled":true,"_links":{"self":[{"href":"https:\/\/silverwavemedical.com\/fr\/wp-json\/wp\/v2\/pages\/681"}],"collection":[{"href":"https:\/\/silverwavemedical.com\/fr\/wp-json\/wp\/v2\/pages"}],"about":[{"href":"https:\/\/silverwavemedical.com\/fr\/wp-json\/wp\/v2\/types\/page"}],"author":[{"embeddable":true,"href":"https:\/\/silverwavemedical.com\/fr\/wp-json\/wp\/v2\/users\/1"}],"replies":[{"embeddable":true,"href":"https:\/\/silverwavemedical.com\/fr\/wp-json\/wp\/v2\/comments?post=681"}],"version-history":[{"count":3,"href":"https:\/\/silverwavemedical.com\/fr\/wp-json\/wp\/v2\/pages\/681\/revisions"}],"predecessor-version":[{"id":2079,"href":"https:\/\/silverwavemedical.com\/fr\/wp-json\/wp\/v2\/pages\/681\/revisions\/2079"}],"wp:attachment":[{"href":"https:\/\/silverwavemedical.com\/fr\/wp-json\/wp\/v2\/media?parent=681"}],"curies":[{"name":"wp","href":"https:\/\/api.w.org\/{rel}","templated":true}]}}