                          {"id":787,"date":"2018-12-20T23:33:44","date_gmt":"2018-12-20T22:33:44","guid":{"rendered":"http:\/\/silverwave.sfdbeta.be\/skin-care-product\/face-protect-spf50\/"},"modified":"2019-10-03T10:32:46","modified_gmt":"2019-10-03T08:32:46","slug":"creme-face-protect-spf50","status":"publish","type":"product","link":"http:\/\/silverwavemedical.com\/fr\/produit-soin-peau\/creme-face-protect-spf50\/","title":{"rendered":"CR\u00c8ME FACE PROTECT SPF50"},"content":{"rendered":"","protected":false},"excerpt":{"rendered":"","protected":false},"featured_media":359,"template":"","meta":{"_acf_changed":false},"product_cat":[60,61],"product_tag":[],"class_list":{"0":"post-787","1":"product","2":"type-product","3":"status-publish","4":"has-post-thumbnail","6":"product_cat-protection-solaire-visage","7":"product_cat-face-protect","9":"first","10":"instock","11":"sale","12":"taxable","13":"shipping-taxable","14":"purchasable","15":"product-type-simple"},"acf":[],"yoast_head":"<!-- This site is optimized with the Yoast SEO plugin v23.5 - https:\/\/yoast.com\/wordpress\/plugins\/seo\/ -->\n<title>Cr\u00e8me Solaire Visage SPF50 - Protection &amp; Coups de Soleil - Silverwave<\/title>\n<meta name=\"description\" content=\"Cette cr\u00e8me solaire offre une solution efficace pour lutter contre les coups de soleil. Elle offre \u00e0 votre peau une protection \u00e0 large spectre contre les rayons UV-A et les br\u00fblures g\u00e9n\u00e9r\u00e9es par les rayons UV-B. Enrichies avec des ingr\u00e9dients hydratants, elle offre la douceur m\u00e9rit\u00e9e par votre peau.\" \/>\n<meta name=\"robots\" content=\"index, follow, max-snippet:-1, max-image-preview:large, max-video-preview:-1\" \/>\n<link rel=\"canonical\" href=\"https:\/\/silverwavemedical.com\/fr\/produit-soin-peau\/creme-face-protect-spf50\/\" \/>\n<meta property=\"og:locale\" content=\"fr_FR\" \/>\n<meta property=\"og:type\" content=\"article\" \/>\n<meta property=\"og:title\" content=\"Cr\u00e8me Solaire Visage SPF50 - Protection &amp; Coups de Soleil - Silverwave\" \/>\n<meta property=\"og:description\" content=\"Cette cr\u00e8me solaire offre une solution efficace pour lutter contre les coups de soleil. Elle offre \u00e0 votre peau une protection \u00e0 large spectre contre les rayons UV-A et les br\u00fblures g\u00e9n\u00e9r\u00e9es par les rayons UV-B. Enrichies avec des ingr\u00e9dients hydratants, elle offre la douceur m\u00e9rit\u00e9e par votre peau.\" \/>\n<meta property=\"og:url\" content=\"https:\/\/silverwavemedical.com\/fr\/produit-soin-peau\/creme-face-protect-spf50\/\" \/>\n<meta property=\"og:site_name\" content=\"Silver Wave\" \/>\n<meta property=\"article:modified_time\" content=\"2019-10-03T08:32:46+00:00\" \/>\n<meta property=\"og:image\" content=\"https:\/\/silverwavemedical.com\/wp-content\/uploads\/2019\/02\/faceprotect_cream.jpg\" \/>\n\t<meta property=\"og:image:width\" content=\"800\" \/>\n\t<meta property=\"og:image:height\" content=\"800\" \/>\n\t<meta property=\"og:image:type\" content=\"image\/jpeg\" \/>\n<meta name=\"twitter:card\" content=\"summary_large_image\" \/>\n<script type=\"application\/ld+json\" class=\"yoast-schema-graph\">{\"@context\":\"https:\/\/schema.org\",\"@graph\":[{\"@type\":\"WebPage\",\"@id\":\"https:\/\/silverwavemedical.com\/fr\/produit-soin-peau\/creme-face-protect-spf50\/\",\"url\":\"https:\/\/silverwavemedical.com\/fr\/produit-soin-peau\/creme-face-protect-spf50\/\",\"name\":\"Cr\u00e8me Solaire Visage SPF50 - Protection & Coups de Soleil - Silverwave\",\"isPartOf\":{\"@id\":\"https:\/\/silverwavemedical.com\/#website\"},\"primaryImageOfPage\":{\"@id\":\"https:\/\/silverwavemedical.com\/fr\/produit-soin-peau\/creme-face-protect-spf50\/#primaryimage\"},\"image\":{\"@id\":\"https:\/\/silverwavemedical.com\/fr\/produit-soin-peau\/creme-face-protect-spf50\/#primaryimage\"},\"thumbnailUrl\":\"http:\/\/silverwavemedical.com\/wp-content\/uploads\/2019\/02\/faceprotect_cream.jpg\",\"datePublished\":\"2018-12-20T22:33:44+00:00\",\"dateModified\":\"2019-10-03T08:32:46+00:00\",\"description\":\"Cette cr\u00e8me solaire offre une solution efficace pour lutter contre les coups de soleil. Elle offre \u00e0 votre peau une protection \u00e0 large spectre contre les rayons UV-A et les br\u00fblures g\u00e9n\u00e9r\u00e9es par les rayons UV-B. Enrichies avec des ingr\u00e9dients hydratants, elle offre la douceur m\u00e9rit\u00e9e par votre peau.\",\"breadcrumb\":{\"@id\":\"https:\/\/silverwavemedical.com\/fr\/produit-soin-peau\/creme-face-protect-spf50\/#breadcrumb\"},\"inLanguage\":\"fr-FR\",\"potentialAction\":[{\"@type\":\"ReadAction\",\"target\":[\"https:\/\/silverwavemedical.com\/fr\/produit-soin-peau\/creme-face-protect-spf50\/\"]}]},{\"@type\":\"ImageObject\",\"inLanguage\":\"fr-FR\",\"@id\":\"https:\/\/silverwavemedical.com\/fr\/produit-soin-peau\/creme-face-protect-spf50\/#primaryimage\",\"url\":\"http:\/\/silverwavemedical.com\/wp-content\/uploads\/2019\/02\/faceprotect_cream.jpg\",\"contentUrl\":\"http:\/\/silverwavemedical.com\/wp-content\/uploads\/2019\/02\/faceprotect_cream.jpg\",\"width\":800,\"height\":800},{\"@type\":\"BreadcrumbList\",\"@id\":\"https:\/\/silverwavemedical.com\/fr\/produit-soin-peau\/creme-face-protect-spf50\/#breadcrumb\",\"itemListElement\":[{\"@type\":\"ListItem\",\"position\":1,\"name\":\"Accueil\",\"item\":\"https:\/\/silverwavemedical.com\/fr\/\"},{\"@type\":\"ListItem\",\"position\":2,\"name\":\"Boutique\",\"item\":\"http:\/\/silverwavemedical.com\/fr\/boutique\/\"},{\"@type\":\"ListItem\",\"position\":3,\"name\":\"CR\u00c8ME FACE PROTECT SPF50\"}]},{\"@type\":\"WebSite\",\"@id\":\"https:\/\/silverwavemedical.com\/#website\",\"url\":\"https:\/\/silverwavemedical.com\/\",\"name\":\"Silver Wave\",\"description\":\"\",\"publisher\":{\"@id\":\"https:\/\/silverwavemedical.com\/#organization\"},\"potentialAction\":[{\"@type\":\"SearchAction\",\"target\":{\"@type\":\"EntryPoint\",\"urlTemplate\":\"https:\/\/silverwavemedical.com\/?s={search_term_string}\"},\"query-input\":{\"@type\":\"PropertyValueSpecification\",\"valueRequired\":true,\"valueName\":\"search_term_string\"}}],\"inLanguage\":\"fr-FR\"},{\"@type\":\"Organization\",\"@id\":\"https:\/\/silverwavemedical.com\/#organization\",\"name\":\"Silver Wave\",\"url\":\"https:\/\/silverwavemedical.com\/\",\"logo\":{\"@type\":\"ImageObject\",\"inLanguage\":\"fr-FR\",\"@id\":\"https:\/\/silverwavemedical.com\/#\/schema\/logo\/image\/\",\"url\":\"http:\/\/silverwavemedical.com\/wp-content\/uploads\/2018\/11\/logo.png\",\"contentUrl\":\"http:\/\/silverwavemedical.com\/wp-content\/uploads\/2018\/11\/logo.png\",\"width\":117,\"height\":63,\"caption\":\"Silver Wave\"},\"image\":{\"@id\":\"https:\/\/silverwavemedical.com\/#\/schema\/logo\/image\/\"}}]}<\/script>\n<!-- \/ Yoast SEO plugin. -->","yoast_head_json":{"title":"Cr\u00e8me Solaire Visage SPF50 - Protection & Coups de Soleil - Silverwave","description":"Cette cr\u00e8me solaire offre une solution efficace pour lutter contre les coups de soleil. Elle offre \u00e0 votre peau une protection \u00e0 large spectre contre les rayons UV-A et les br\u00fblures g\u00e9n\u00e9r\u00e9es par les rayons UV-B. Enrichies avec des ingr\u00e9dients hydratants, elle offre la douceur m\u00e9rit\u00e9e par votre peau.","robots":{"index":"index","follow":"follow","max-snippet":"max-snippet:-1","max-image-preview":"max-image-preview:large","max-video-preview":"max-video-preview:-1"},"canonical":"https:\/\/silverwavemedical.com\/fr\/produit-soin-peau\/creme-face-protect-spf50\/","og_locale":"fr_FR","og_type":"article","og_title":"Cr\u00e8me Solaire Visage SPF50 - Protection & Coups de Soleil - Silverwave","og_description":"Cette cr\u00e8me solaire offre une solution efficace pour lutter contre les coups de soleil. Elle offre \u00e0 votre peau une protection \u00e0 large spectre contre les rayons UV-A et les br\u00fblures g\u00e9n\u00e9r\u00e9es par les rayons UV-B. Enrichies avec des ingr\u00e9dients hydratants, elle offre la douceur m\u00e9rit\u00e9e par votre peau.","og_url":"https:\/\/silverwavemedical.com\/fr\/produit-soin-peau\/creme-face-protect-spf50\/","og_site_name":"Silver Wave","article_modified_time":"2019-10-03T08:32:46+00:00","og_image":[{"width":800,"height":800,"url":"https:\/\/silverwavemedical.com\/wp-content\/uploads\/2019\/02\/faceprotect_cream.jpg","type":"image\/jpeg"}],"twitter_card":"summary_large_image","schema":{"@context":"https:\/\/schema.org","@graph":[{"@type":"WebPage","@id":"https:\/\/silverwavemedical.com\/fr\/produit-soin-peau\/creme-face-protect-spf50\/","url":"https:\/\/silverwavemedical.com\/fr\/produit-soin-peau\/creme-face-protect-spf50\/","name":"Cr\u00e8me Solaire Visage SPF50 - Protection & Coups de Soleil - Silverwave","isPartOf":{"@id":"https:\/\/silverwavemedical.com\/#website"},"primaryImageOfPage":{"@id":"https:\/\/silverwavemedical.com\/fr\/produit-soin-peau\/creme-face-protect-spf50\/#primaryimage"},"image":{"@id":"https:\/\/silverwavemedical.com\/fr\/produit-soin-peau\/creme-face-protect-spf50\/#primaryimage"},"thumbnailUrl":"http:\/\/silverwavemedical.com\/wp-content\/uploads\/2019\/02\/faceprotect_cream.jpg","datePublished":"2018-12-20T22:33:44+00:00","dateModified":"2019-10-03T08:32:46+00:00","description":"Cette cr\u00e8me solaire offre une solution efficace pour lutter contre les coups de soleil. Elle offre \u00e0 votre peau une protection \u00e0 large spectre contre les rayons UV-A et les br\u00fblures g\u00e9n\u00e9r\u00e9es par les rayons UV-B. Enrichies avec des ingr\u00e9dients hydratants, elle offre la douceur m\u00e9rit\u00e9e par votre peau.","breadcrumb":{"@id":"https:\/\/silverwavemedical.com\/fr\/produit-soin-peau\/creme-face-protect-spf50\/#breadcrumb"},"inLanguage":"fr-FR","potentialAction":[{"@type":"ReadAction","target":["https:\/\/silverwavemedical.com\/fr\/produit-soin-peau\/creme-face-protect-spf50\/"]}]},{"@type":"ImageObject","inLanguage":"fr-FR","@id":"https:\/\/silverwavemedical.com\/fr\/produit-soin-peau\/creme-face-protect-spf50\/#primaryimage","url":"http:\/\/silverwavemedical.com\/wp-content\/uploads\/2019\/02\/faceprotect_cream.jpg","contentUrl":"http:\/\/silverwavemedical.com\/wp-content\/uploads\/2019\/02\/faceprotect_cream.jpg","width":800,"height":800},{"@type":"BreadcrumbList","@id":"https:\/\/silverwavemedical.com\/fr\/produit-soin-peau\/creme-face-protect-spf50\/#breadcrumb","itemListElement":[{"@type":"ListItem","position":1,"name":"Accueil","item":"https:\/\/silverwavemedical.com\/fr\/"},{"@type":"ListItem","position":2,"name":"Boutique","item":"http:\/\/silverwavemedical.com\/fr\/boutique\/"},{"@type":"ListItem","position":3,"name":"CR\u00c8ME FACE PROTECT SPF50"}]},{"@type":"WebSite","@id":"https:\/\/silverwavemedical.com\/#website","url":"https:\/\/silverwavemedical.com\/","name":"Silver Wave","description":"","publisher":{"@id":"https:\/\/silverwavemedical.com\/#organization"},"potentialAction":[{"@type":"SearchAction","target":{"@type":"EntryPoint","urlTemplate":"https:\/\/silverwavemedical.com\/?s={search_term_string}"},"query-input":{"@type":"PropertyValueSpecification","valueRequired":true,"valueName":"search_term_string"}}],"inLanguage":"fr-FR"},{"@type":"Organization","@id":"https:\/\/silverwavemedical.com\/#organization","name":"Silver Wave","url":"https:\/\/silverwavemedical.com\/","logo":{"@type":"ImageObject","inLanguage":"fr-FR","@id":"https:\/\/silverwavemedical.com\/#\/schema\/logo\/image\/","url":"http:\/\/silverwavemedical.com\/wp-content\/uploads\/2018\/11\/logo.png","contentUrl":"http:\/\/silverwavemedical.com\/wp-content\/uploads\/2018\/11\/logo.png","width":117,"height":63,"caption":"Silver Wave"},"image":{"@id":"https:\/\/silverwavemedical.com\/#\/schema\/logo\/image\/"}}]}},"jetpack_sharing_enabled":true,"_links":{"self":[{"href":"http:\/\/silverwavemedical.com\/fr\/wp-json\/wp\/v2\/product\/787"}],"collection":[{"href":"http:\/\/silverwavemedical.com\/fr\/wp-json\/wp\/v2\/product"}],"about":[{"href":"http:\/\/silverwavemedical.com\/fr\/wp-json\/wp\/v2\/types\/product"}],"wp:featuredmedia":[{"embeddable":true,"href":"http:\/\/silverwavemedical.com\/fr\/wp-json\/wp\/v2\/media\/359"}],"wp:attachment":[{"href":"http:\/\/silverwavemedical.com\/fr\/wp-json\/wp\/v2\/media?parent=787"}],"wp:term":[{"taxonomy":"product_cat","embeddable":true,"href":"http:\/\/silverwavemedical.com\/fr\/wp-json\/wp\/v2\/product_cat?post=787"},{"taxonomy":"product_tag","embeddable":true,"href":"http:\/\/silverwavemedical.com\/fr\/wp-json\/wp\/v2\/product_tag?post=787"}],"curies":[{"name":"wp","href":"https:\/\/api.w.org\/{rel}","templated":true}]}}