                          {"id":786,"date":"2018-12-21T00:09:03","date_gmt":"2018-12-20T23:09:03","guid":{"rendered":"http:\/\/silverwave.sfdbeta.be\/skin-care-product\/cellular-refresh-serum\/"},"modified":"2019-10-02T14:02:38","modified_gmt":"2019-10-02T12:02:38","slug":"cellular-refresh-serum","status":"publish","type":"product","link":"http:\/\/silverwavemedical.com\/fr\/produit-soin-peau\/cellular-refresh-serum\/","title":{"rendered":"S\u00c9RUM CELLULAR REFRESH"},"content":{"rendered":"","protected":false},"excerpt":{"rendered":"","protected":false},"featured_media":351,"template":"","meta":{"_acf_changed":false},"product_cat":[58,59],"product_tag":[],"class_list":{"0":"post-786","1":"product","2":"type-product","3":"status-publish","4":"has-post-thumbnail","6":"product_cat-nettoyant-et-regenerant","7":"product_cat-cellular-refresh","9":"first","10":"instock","11":"sale","12":"taxable","13":"shipping-taxable","14":"purchasable","15":"product-type-simple"},"acf":[],"yoast_head":"<!-- This site is optimized with the Yoast SEO plugin v23.5 - https:\/\/yoast.com\/wordpress\/plugins\/seo\/ -->\n<title>S\u00e9rum Cellular Refresh - Nettoyant &amp; Renouvellement Cellulaire - Silverwave<\/title>\n<meta name=\"description\" content=\"Notre s\u00e9rum Cellular Refresh stimule le renouvellement cellulaire pour une peau plus douce, lisse et hydrat\u00e9e. De quoi retrouver sa jeunesse ! Ce s\u00e9rum hydratant et nourissant accro\u00eet l&#039;\u00e9lasticit\u00e9 de la peau, m\u00eame en cas de peau s\u00e8che et sensible.\" \/>\n<meta name=\"robots\" content=\"index, follow, max-snippet:-1, max-image-preview:large, max-video-preview:-1\" \/>\n<link rel=\"canonical\" href=\"http:\/\/silverwavemedical.com\/fr\/produit-soin-peau\/cellular-refresh-serum\/\" \/>\n<meta property=\"og:locale\" content=\"fr_FR\" \/>\n<meta property=\"og:type\" content=\"article\" \/>\n<meta property=\"og:title\" content=\"S\u00e9rum Cellular Refresh - Nettoyant &amp; Renouvellement Cellulaire - Silverwave\" \/>\n<meta property=\"og:description\" content=\"Notre s\u00e9rum Cellular Refresh stimule le renouvellement cellulaire pour une peau plus douce, lisse et hydrat\u00e9e. De quoi retrouver sa jeunesse ! Ce s\u00e9rum hydratant et nourissant accro\u00eet l&#039;\u00e9lasticit\u00e9 de la peau, m\u00eame en cas de peau s\u00e8che et sensible.\" \/>\n<meta property=\"og:url\" content=\"http:\/\/silverwavemedical.com\/fr\/produit-soin-peau\/cellular-refresh-serum\/\" \/>\n<meta property=\"og:site_name\" content=\"Silver Wave\" \/>\n<meta property=\"article:modified_time\" content=\"2019-10-02T12:02:38+00:00\" \/>\n<meta property=\"og:image\" content=\"http:\/\/silverwavemedical.com\/wp-content\/uploads\/2019\/02\/cellularrefresh.jpg\" \/>\n\t<meta property=\"og:image:width\" content=\"800\" \/>\n\t<meta property=\"og:image:height\" content=\"800\" \/>\n\t<meta property=\"og:image:type\" content=\"image\/jpeg\" \/>\n<meta name=\"twitter:card\" content=\"summary_large_image\" \/>\n<script type=\"application\/ld+json\" class=\"yoast-schema-graph\">{\"@context\":\"https:\/\/schema.org\",\"@graph\":[{\"@type\":\"WebPage\",\"@id\":\"http:\/\/silverwavemedical.com\/fr\/produit-soin-peau\/cellular-refresh-serum\/\",\"url\":\"http:\/\/silverwavemedical.com\/fr\/produit-soin-peau\/cellular-refresh-serum\/\",\"name\":\"S\u00e9rum Cellular Refresh - Nettoyant & Renouvellement Cellulaire - Silverwave\",\"isPartOf\":{\"@id\":\"https:\/\/silverwavemedical.com\/#website\"},\"primaryImageOfPage\":{\"@id\":\"http:\/\/silverwavemedical.com\/fr\/produit-soin-peau\/cellular-refresh-serum\/#primaryimage\"},\"image\":{\"@id\":\"http:\/\/silverwavemedical.com\/fr\/produit-soin-peau\/cellular-refresh-serum\/#primaryimage\"},\"thumbnailUrl\":\"http:\/\/silverwavemedical.com\/wp-content\/uploads\/2019\/02\/cellularrefresh.jpg\",\"datePublished\":\"2018-12-20T23:09:03+00:00\",\"dateModified\":\"2019-10-02T12:02:38+00:00\",\"description\":\"Notre s\u00e9rum Cellular Refresh stimule le renouvellement cellulaire pour une peau plus douce, lisse et hydrat\u00e9e. De quoi retrouver sa jeunesse ! Ce s\u00e9rum hydratant et nourissant accro\u00eet l'\u00e9lasticit\u00e9 de la peau, m\u00eame en cas de peau s\u00e8che et sensible.\",\"breadcrumb\":{\"@id\":\"http:\/\/silverwavemedical.com\/fr\/produit-soin-peau\/cellular-refresh-serum\/#breadcrumb\"},\"inLanguage\":\"fr-FR\",\"potentialAction\":[{\"@type\":\"ReadAction\",\"target\":[\"http:\/\/silverwavemedical.com\/fr\/produit-soin-peau\/cellular-refresh-serum\/\"]}]},{\"@type\":\"ImageObject\",\"inLanguage\":\"fr-FR\",\"@id\":\"http:\/\/silverwavemedical.com\/fr\/produit-soin-peau\/cellular-refresh-serum\/#primaryimage\",\"url\":\"http:\/\/silverwavemedical.com\/wp-content\/uploads\/2019\/02\/cellularrefresh.jpg\",\"contentUrl\":\"http:\/\/silverwavemedical.com\/wp-content\/uploads\/2019\/02\/cellularrefresh.jpg\",\"width\":800,\"height\":800},{\"@type\":\"BreadcrumbList\",\"@id\":\"http:\/\/silverwavemedical.com\/fr\/produit-soin-peau\/cellular-refresh-serum\/#breadcrumb\",\"itemListElement\":[{\"@type\":\"ListItem\",\"position\":1,\"name\":\"Accueil\",\"item\":\"http:\/\/silverwavemedical.com\/fr\/\"},{\"@type\":\"ListItem\",\"position\":2,\"name\":\"Boutique\",\"item\":\"https:\/\/silverwavemedical.com\/fr\/boutique\/\"},{\"@type\":\"ListItem\",\"position\":3,\"name\":\"S\u00c9RUM CELLULAR REFRESH\"}]},{\"@type\":\"WebSite\",\"@id\":\"https:\/\/silverwavemedical.com\/#website\",\"url\":\"https:\/\/silverwavemedical.com\/\",\"name\":\"Silver Wave\",\"description\":\"\",\"publisher\":{\"@id\":\"https:\/\/silverwavemedical.com\/#organization\"},\"potentialAction\":[{\"@type\":\"SearchAction\",\"target\":{\"@type\":\"EntryPoint\",\"urlTemplate\":\"https:\/\/silverwavemedical.com\/?s={search_term_string}\"},\"query-input\":{\"@type\":\"PropertyValueSpecification\",\"valueRequired\":true,\"valueName\":\"search_term_string\"}}],\"inLanguage\":\"fr-FR\"},{\"@type\":\"Organization\",\"@id\":\"https:\/\/silverwavemedical.com\/#organization\",\"name\":\"Silver Wave\",\"url\":\"https:\/\/silverwavemedical.com\/\",\"logo\":{\"@type\":\"ImageObject\",\"inLanguage\":\"fr-FR\",\"@id\":\"https:\/\/silverwavemedical.com\/#\/schema\/logo\/image\/\",\"url\":\"http:\/\/silverwavemedical.com\/wp-content\/uploads\/2018\/11\/logo.png\",\"contentUrl\":\"http:\/\/silverwavemedical.com\/wp-content\/uploads\/2018\/11\/logo.png\",\"width\":117,\"height\":63,\"caption\":\"Silver Wave\"},\"image\":{\"@id\":\"https:\/\/silverwavemedical.com\/#\/schema\/logo\/image\/\"}}]}<\/script>\n<!-- \/ Yoast SEO plugin. -->","yoast_head_json":{"title":"S\u00e9rum Cellular Refresh - Nettoyant & Renouvellement Cellulaire - Silverwave","description":"Notre s\u00e9rum Cellular Refresh stimule le renouvellement cellulaire pour une peau plus douce, lisse et hydrat\u00e9e. De quoi retrouver sa jeunesse ! Ce s\u00e9rum hydratant et nourissant accro\u00eet l'\u00e9lasticit\u00e9 de la peau, m\u00eame en cas de peau s\u00e8che et sensible.","robots":{"index":"index","follow":"follow","max-snippet":"max-snippet:-1","max-image-preview":"max-image-preview:large","max-video-preview":"max-video-preview:-1"},"canonical":"http:\/\/silverwavemedical.com\/fr\/produit-soin-peau\/cellular-refresh-serum\/","og_locale":"fr_FR","og_type":"article","og_title":"S\u00e9rum Cellular Refresh - Nettoyant & Renouvellement Cellulaire - Silverwave","og_description":"Notre s\u00e9rum Cellular Refresh stimule le renouvellement cellulaire pour une peau plus douce, lisse et hydrat\u00e9e. De quoi retrouver sa jeunesse ! Ce s\u00e9rum hydratant et nourissant accro\u00eet l'\u00e9lasticit\u00e9 de la peau, m\u00eame en cas de peau s\u00e8che et sensible.","og_url":"http:\/\/silverwavemedical.com\/fr\/produit-soin-peau\/cellular-refresh-serum\/","og_site_name":"Silver Wave","article_modified_time":"2019-10-02T12:02:38+00:00","og_image":[{"width":800,"height":800,"url":"http:\/\/silverwavemedical.com\/wp-content\/uploads\/2019\/02\/cellularrefresh.jpg","type":"image\/jpeg"}],"twitter_card":"summary_large_image","schema":{"@context":"https:\/\/schema.org","@graph":[{"@type":"WebPage","@id":"http:\/\/silverwavemedical.com\/fr\/produit-soin-peau\/cellular-refresh-serum\/","url":"http:\/\/silverwavemedical.com\/fr\/produit-soin-peau\/cellular-refresh-serum\/","name":"S\u00e9rum Cellular Refresh - Nettoyant & Renouvellement Cellulaire - Silverwave","isPartOf":{"@id":"https:\/\/silverwavemedical.com\/#website"},"primaryImageOfPage":{"@id":"http:\/\/silverwavemedical.com\/fr\/produit-soin-peau\/cellular-refresh-serum\/#primaryimage"},"image":{"@id":"http:\/\/silverwavemedical.com\/fr\/produit-soin-peau\/cellular-refresh-serum\/#primaryimage"},"thumbnailUrl":"http:\/\/silverwavemedical.com\/wp-content\/uploads\/2019\/02\/cellularrefresh.jpg","datePublished":"2018-12-20T23:09:03+00:00","dateModified":"2019-10-02T12:02:38+00:00","description":"Notre s\u00e9rum Cellular Refresh stimule le renouvellement cellulaire pour une peau plus douce, lisse et hydrat\u00e9e. De quoi retrouver sa jeunesse ! Ce s\u00e9rum hydratant et nourissant accro\u00eet l'\u00e9lasticit\u00e9 de la peau, m\u00eame en cas de peau s\u00e8che et sensible.","breadcrumb":{"@id":"http:\/\/silverwavemedical.com\/fr\/produit-soin-peau\/cellular-refresh-serum\/#breadcrumb"},"inLanguage":"fr-FR","potentialAction":[{"@type":"ReadAction","target":["http:\/\/silverwavemedical.com\/fr\/produit-soin-peau\/cellular-refresh-serum\/"]}]},{"@type":"ImageObject","inLanguage":"fr-FR","@id":"http:\/\/silverwavemedical.com\/fr\/produit-soin-peau\/cellular-refresh-serum\/#primaryimage","url":"http:\/\/silverwavemedical.com\/wp-content\/uploads\/2019\/02\/cellularrefresh.jpg","contentUrl":"http:\/\/silverwavemedical.com\/wp-content\/uploads\/2019\/02\/cellularrefresh.jpg","width":800,"height":800},{"@type":"BreadcrumbList","@id":"http:\/\/silverwavemedical.com\/fr\/produit-soin-peau\/cellular-refresh-serum\/#breadcrumb","itemListElement":[{"@type":"ListItem","position":1,"name":"Accueil","item":"http:\/\/silverwavemedical.com\/fr\/"},{"@type":"ListItem","position":2,"name":"Boutique","item":"https:\/\/silverwavemedical.com\/fr\/boutique\/"},{"@type":"ListItem","position":3,"name":"S\u00c9RUM CELLULAR REFRESH"}]},{"@type":"WebSite","@id":"https:\/\/silverwavemedical.com\/#website","url":"https:\/\/silverwavemedical.com\/","name":"Silver Wave","description":"","publisher":{"@id":"https:\/\/silverwavemedical.com\/#organization"},"potentialAction":[{"@type":"SearchAction","target":{"@type":"EntryPoint","urlTemplate":"https:\/\/silverwavemedical.com\/?s={search_term_string}"},"query-input":{"@type":"PropertyValueSpecification","valueRequired":true,"valueName":"search_term_string"}}],"inLanguage":"fr-FR"},{"@type":"Organization","@id":"https:\/\/silverwavemedical.com\/#organization","name":"Silver Wave","url":"https:\/\/silverwavemedical.com\/","logo":{"@type":"ImageObject","inLanguage":"fr-FR","@id":"https:\/\/silverwavemedical.com\/#\/schema\/logo\/image\/","url":"http:\/\/silverwavemedical.com\/wp-content\/uploads\/2018\/11\/logo.png","contentUrl":"http:\/\/silverwavemedical.com\/wp-content\/uploads\/2018\/11\/logo.png","width":117,"height":63,"caption":"Silver Wave"},"image":{"@id":"https:\/\/silverwavemedical.com\/#\/schema\/logo\/image\/"}}]}},"jetpack_sharing_enabled":true,"_links":{"self":[{"href":"http:\/\/silverwavemedical.com\/fr\/wp-json\/wp\/v2\/product\/786"}],"collection":[{"href":"http:\/\/silverwavemedical.com\/fr\/wp-json\/wp\/v2\/product"}],"about":[{"href":"http:\/\/silverwavemedical.com\/fr\/wp-json\/wp\/v2\/types\/product"}],"wp:featuredmedia":[{"embeddable":true,"href":"http:\/\/silverwavemedical.com\/fr\/wp-json\/wp\/v2\/media\/351"}],"wp:attachment":[{"href":"http:\/\/silverwavemedical.com\/fr\/wp-json\/wp\/v2\/media?parent=786"}],"wp:term":[{"taxonomy":"product_cat","embeddable":true,"href":"http:\/\/silverwavemedical.com\/fr\/wp-json\/wp\/v2\/product_cat?post=786"},{"taxonomy":"product_tag","embeddable":true,"href":"http:\/\/silverwavemedical.com\/fr\/wp-json\/wp\/v2\/product_tag?post=786"}],"curies":[{"name":"wp","href":"https:\/\/api.w.org\/{rel}","templated":true}]}}