                          {"id":784,"date":"2018-12-20T18:11:20","date_gmt":"2018-12-20T17:11:20","guid":{"rendered":"http:\/\/silverwave.sfdbeta.be\/skin-care-product\/optimum-repair-cream\/"},"modified":"2019-09-16T09:27:24","modified_gmt":"2019-09-16T07:27:24","slug":"optimum-repair-cream","status":"publish","type":"product","link":"http:\/\/silverwavemedical.com\/fr\/produit-soin-peau\/optimum-repair-cream\/","title":{"rendered":"CR\u00c8ME OPTIMUM REPAIR"},"content":{"rendered":"","protected":false},"excerpt":{"rendered":"","protected":false},"featured_media":361,"template":"","meta":{"_acf_changed":false},"product_cat":[49,54,55],"product_tag":[],"class_list":{"0":"post-784","1":"product","2":"type-product","3":"status-publish","4":"has-post-thumbnail","6":"product_cat-best-sellers","7":"product_cat-secheresse-et-reparation","8":"product_cat-optimum-repair","10":"first","11":"outofstock","12":"sale","13":"taxable","14":"shipping-taxable","15":"purchasable","16":"product-type-simple"},"acf":[],"yoast_head":"<!-- This site is optimized with the Yoast SEO plugin v23.5 - https:\/\/yoast.com\/wordpress\/plugins\/seo\/ -->\n<title>Cr\u00e8me Optimum Repair - Cr\u00e8me apaisante - Silverwave<\/title>\n<meta name=\"description\" content=\"Comment prendre soin d&#039;une peau s\u00e8che et sensible ? Notre cr\u00e8me Optimum Repair pour visage, r\u00e9hydrate et calme les rougeurs et irritations cutan\u00e9es. Nos produits sont garantis sans paraben, sans parfum et dermatologiquement test\u00e9s.\" \/>\n<meta name=\"robots\" content=\"index, follow, max-snippet:-1, max-image-preview:large, max-video-preview:-1\" \/>\n<link rel=\"canonical\" href=\"http:\/\/silverwavemedical.com\/fr\/produit-soin-peau\/optimum-repair-cream\/\" \/>\n<meta property=\"og:locale\" content=\"fr_FR\" \/>\n<meta property=\"og:type\" content=\"article\" \/>\n<meta property=\"og:title\" content=\"Cr\u00e8me Optimum Repair - Cr\u00e8me apaisante - Silverwave\" \/>\n<meta property=\"og:description\" content=\"Comment prendre soin d&#039;une peau s\u00e8che et sensible ? Notre cr\u00e8me Optimum Repair pour visage, r\u00e9hydrate et calme les rougeurs et irritations cutan\u00e9es. Nos produits sont garantis sans paraben, sans parfum et dermatologiquement test\u00e9s.\" \/>\n<meta property=\"og:url\" content=\"http:\/\/silverwavemedical.com\/fr\/produit-soin-peau\/optimum-repair-cream\/\" \/>\n<meta property=\"og:site_name\" content=\"Silver Wave\" \/>\n<meta property=\"article:modified_time\" content=\"2019-09-16T07:27:24+00:00\" \/>\n<meta property=\"og:image\" content=\"http:\/\/silverwavemedical.com\/wp-content\/uploads\/2019\/02\/optimumrepair_cream.jpg\" \/>\n\t<meta property=\"og:image:width\" content=\"800\" \/>\n\t<meta property=\"og:image:height\" content=\"800\" \/>\n\t<meta property=\"og:image:type\" content=\"image\/jpeg\" \/>\n<meta name=\"twitter:card\" content=\"summary_large_image\" \/>\n<script type=\"application\/ld+json\" class=\"yoast-schema-graph\">{\"@context\":\"https:\/\/schema.org\",\"@graph\":[{\"@type\":\"WebPage\",\"@id\":\"http:\/\/silverwavemedical.com\/fr\/produit-soin-peau\/optimum-repair-cream\/\",\"url\":\"http:\/\/silverwavemedical.com\/fr\/produit-soin-peau\/optimum-repair-cream\/\",\"name\":\"Cr\u00e8me Optimum Repair - Cr\u00e8me apaisante - Silverwave\",\"isPartOf\":{\"@id\":\"https:\/\/silverwavemedical.com\/#website\"},\"primaryImageOfPage\":{\"@id\":\"http:\/\/silverwavemedical.com\/fr\/produit-soin-peau\/optimum-repair-cream\/#primaryimage\"},\"image\":{\"@id\":\"http:\/\/silverwavemedical.com\/fr\/produit-soin-peau\/optimum-repair-cream\/#primaryimage\"},\"thumbnailUrl\":\"http:\/\/silverwavemedical.com\/wp-content\/uploads\/2019\/02\/optimumrepair_cream.jpg\",\"datePublished\":\"2018-12-20T17:11:20+00:00\",\"dateModified\":\"2019-09-16T07:27:24+00:00\",\"description\":\"Comment prendre soin d'une peau s\u00e8che et sensible ? Notre cr\u00e8me Optimum Repair pour visage, r\u00e9hydrate et calme les rougeurs et irritations cutan\u00e9es. Nos produits sont garantis sans paraben, sans parfum et dermatologiquement test\u00e9s.\",\"breadcrumb\":{\"@id\":\"http:\/\/silverwavemedical.com\/fr\/produit-soin-peau\/optimum-repair-cream\/#breadcrumb\"},\"inLanguage\":\"fr-FR\",\"potentialAction\":[{\"@type\":\"ReadAction\",\"target\":[\"http:\/\/silverwavemedical.com\/fr\/produit-soin-peau\/optimum-repair-cream\/\"]}]},{\"@type\":\"ImageObject\",\"inLanguage\":\"fr-FR\",\"@id\":\"http:\/\/silverwavemedical.com\/fr\/produit-soin-peau\/optimum-repair-cream\/#primaryimage\",\"url\":\"http:\/\/silverwavemedical.com\/wp-content\/uploads\/2019\/02\/optimumrepair_cream.jpg\",\"contentUrl\":\"http:\/\/silverwavemedical.com\/wp-content\/uploads\/2019\/02\/optimumrepair_cream.jpg\",\"width\":800,\"height\":800},{\"@type\":\"BreadcrumbList\",\"@id\":\"http:\/\/silverwavemedical.com\/fr\/produit-soin-peau\/optimum-repair-cream\/#breadcrumb\",\"itemListElement\":[{\"@type\":\"ListItem\",\"position\":1,\"name\":\"Accueil\",\"item\":\"https:\/\/silverwavemedical.com\/fr\/\"},{\"@type\":\"ListItem\",\"position\":2,\"name\":\"Boutique\",\"item\":\"http:\/\/silverwavemedical.com\/fr\/boutique\/\"},{\"@type\":\"ListItem\",\"position\":3,\"name\":\"CR\u00c8ME OPTIMUM REPAIR\"}]},{\"@type\":\"WebSite\",\"@id\":\"https:\/\/silverwavemedical.com\/#website\",\"url\":\"https:\/\/silverwavemedical.com\/\",\"name\":\"Silver Wave\",\"description\":\"\",\"publisher\":{\"@id\":\"https:\/\/silverwavemedical.com\/#organization\"},\"potentialAction\":[{\"@type\":\"SearchAction\",\"target\":{\"@type\":\"EntryPoint\",\"urlTemplate\":\"https:\/\/silverwavemedical.com\/?s={search_term_string}\"},\"query-input\":{\"@type\":\"PropertyValueSpecification\",\"valueRequired\":true,\"valueName\":\"search_term_string\"}}],\"inLanguage\":\"fr-FR\"},{\"@type\":\"Organization\",\"@id\":\"https:\/\/silverwavemedical.com\/#organization\",\"name\":\"Silver Wave\",\"url\":\"https:\/\/silverwavemedical.com\/\",\"logo\":{\"@type\":\"ImageObject\",\"inLanguage\":\"fr-FR\",\"@id\":\"https:\/\/silverwavemedical.com\/#\/schema\/logo\/image\/\",\"url\":\"http:\/\/silverwavemedical.com\/wp-content\/uploads\/2018\/11\/logo.png\",\"contentUrl\":\"http:\/\/silverwavemedical.com\/wp-content\/uploads\/2018\/11\/logo.png\",\"width\":117,\"height\":63,\"caption\":\"Silver Wave\"},\"image\":{\"@id\":\"https:\/\/silverwavemedical.com\/#\/schema\/logo\/image\/\"}}]}<\/script>\n<!-- \/ Yoast SEO plugin. -->","yoast_head_json":{"title":"Cr\u00e8me Optimum Repair - Cr\u00e8me apaisante - Silverwave","description":"Comment prendre soin d'une peau s\u00e8che et sensible ? Notre cr\u00e8me Optimum Repair pour visage, r\u00e9hydrate et calme les rougeurs et irritations cutan\u00e9es. Nos produits sont garantis sans paraben, sans parfum et dermatologiquement test\u00e9s.","robots":{"index":"index","follow":"follow","max-snippet":"max-snippet:-1","max-image-preview":"max-image-preview:large","max-video-preview":"max-video-preview:-1"},"canonical":"http:\/\/silverwavemedical.com\/fr\/produit-soin-peau\/optimum-repair-cream\/","og_locale":"fr_FR","og_type":"article","og_title":"Cr\u00e8me Optimum Repair - Cr\u00e8me apaisante - Silverwave","og_description":"Comment prendre soin d'une peau s\u00e8che et sensible ? Notre cr\u00e8me Optimum Repair pour visage, r\u00e9hydrate et calme les rougeurs et irritations cutan\u00e9es. Nos produits sont garantis sans paraben, sans parfum et dermatologiquement test\u00e9s.","og_url":"http:\/\/silverwavemedical.com\/fr\/produit-soin-peau\/optimum-repair-cream\/","og_site_name":"Silver Wave","article_modified_time":"2019-09-16T07:27:24+00:00","og_image":[{"width":800,"height":800,"url":"http:\/\/silverwavemedical.com\/wp-content\/uploads\/2019\/02\/optimumrepair_cream.jpg","type":"image\/jpeg"}],"twitter_card":"summary_large_image","schema":{"@context":"https:\/\/schema.org","@graph":[{"@type":"WebPage","@id":"http:\/\/silverwavemedical.com\/fr\/produit-soin-peau\/optimum-repair-cream\/","url":"http:\/\/silverwavemedical.com\/fr\/produit-soin-peau\/optimum-repair-cream\/","name":"Cr\u00e8me Optimum Repair - Cr\u00e8me apaisante - Silverwave","isPartOf":{"@id":"https:\/\/silverwavemedical.com\/#website"},"primaryImageOfPage":{"@id":"http:\/\/silverwavemedical.com\/fr\/produit-soin-peau\/optimum-repair-cream\/#primaryimage"},"image":{"@id":"http:\/\/silverwavemedical.com\/fr\/produit-soin-peau\/optimum-repair-cream\/#primaryimage"},"thumbnailUrl":"http:\/\/silverwavemedical.com\/wp-content\/uploads\/2019\/02\/optimumrepair_cream.jpg","datePublished":"2018-12-20T17:11:20+00:00","dateModified":"2019-09-16T07:27:24+00:00","description":"Comment prendre soin d'une peau s\u00e8che et sensible ? Notre cr\u00e8me Optimum Repair pour visage, r\u00e9hydrate et calme les rougeurs et irritations cutan\u00e9es. Nos produits sont garantis sans paraben, sans parfum et dermatologiquement test\u00e9s.","breadcrumb":{"@id":"http:\/\/silverwavemedical.com\/fr\/produit-soin-peau\/optimum-repair-cream\/#breadcrumb"},"inLanguage":"fr-FR","potentialAction":[{"@type":"ReadAction","target":["http:\/\/silverwavemedical.com\/fr\/produit-soin-peau\/optimum-repair-cream\/"]}]},{"@type":"ImageObject","inLanguage":"fr-FR","@id":"http:\/\/silverwavemedical.com\/fr\/produit-soin-peau\/optimum-repair-cream\/#primaryimage","url":"http:\/\/silverwavemedical.com\/wp-content\/uploads\/2019\/02\/optimumrepair_cream.jpg","contentUrl":"http:\/\/silverwavemedical.com\/wp-content\/uploads\/2019\/02\/optimumrepair_cream.jpg","width":800,"height":800},{"@type":"BreadcrumbList","@id":"http:\/\/silverwavemedical.com\/fr\/produit-soin-peau\/optimum-repair-cream\/#breadcrumb","itemListElement":[{"@type":"ListItem","position":1,"name":"Accueil","item":"https:\/\/silverwavemedical.com\/fr\/"},{"@type":"ListItem","position":2,"name":"Boutique","item":"http:\/\/silverwavemedical.com\/fr\/boutique\/"},{"@type":"ListItem","position":3,"name":"CR\u00c8ME OPTIMUM REPAIR"}]},{"@type":"WebSite","@id":"https:\/\/silverwavemedical.com\/#website","url":"https:\/\/silverwavemedical.com\/","name":"Silver Wave","description":"","publisher":{"@id":"https:\/\/silverwavemedical.com\/#organization"},"potentialAction":[{"@type":"SearchAction","target":{"@type":"EntryPoint","urlTemplate":"https:\/\/silverwavemedical.com\/?s={search_term_string}"},"query-input":{"@type":"PropertyValueSpecification","valueRequired":true,"valueName":"search_term_string"}}],"inLanguage":"fr-FR"},{"@type":"Organization","@id":"https:\/\/silverwavemedical.com\/#organization","name":"Silver Wave","url":"https:\/\/silverwavemedical.com\/","logo":{"@type":"ImageObject","inLanguage":"fr-FR","@id":"https:\/\/silverwavemedical.com\/#\/schema\/logo\/image\/","url":"http:\/\/silverwavemedical.com\/wp-content\/uploads\/2018\/11\/logo.png","contentUrl":"http:\/\/silverwavemedical.com\/wp-content\/uploads\/2018\/11\/logo.png","width":117,"height":63,"caption":"Silver Wave"},"image":{"@id":"https:\/\/silverwavemedical.com\/#\/schema\/logo\/image\/"}}]}},"jetpack_sharing_enabled":true,"_links":{"self":[{"href":"http:\/\/silverwavemedical.com\/fr\/wp-json\/wp\/v2\/product\/784"}],"collection":[{"href":"http:\/\/silverwavemedical.com\/fr\/wp-json\/wp\/v2\/product"}],"about":[{"href":"http:\/\/silverwavemedical.com\/fr\/wp-json\/wp\/v2\/types\/product"}],"wp:featuredmedia":[{"embeddable":true,"href":"http:\/\/silverwavemedical.com\/fr\/wp-json\/wp\/v2\/media\/361"}],"wp:attachment":[{"href":"http:\/\/silverwavemedical.com\/fr\/wp-json\/wp\/v2\/media?parent=784"}],"wp:term":[{"taxonomy":"product_cat","embeddable":true,"href":"http:\/\/silverwavemedical.com\/fr\/wp-json\/wp\/v2\/product_cat?post=784"},{"taxonomy":"product_tag","embeddable":true,"href":"http:\/\/silverwavemedical.com\/fr\/wp-json\/wp\/v2\/product_tag?post=784"}],"curies":[{"name":"wp","href":"https:\/\/api.w.org\/{rel}","templated":true}]}}