                          {"id":781,"date":"2018-12-20T18:36:27","date_gmt":"2018-12-20T17:36:27","guid":{"rendered":"http:\/\/silverwave.sfdbeta.be\/skin-care-product\/optimum-repair-serum\/"},"modified":"2019-10-02T14:01:02","modified_gmt":"2019-10-02T12:01:02","slug":"optimum-repair-serum","status":"publish","type":"product","link":"http:\/\/silverwavemedical.com\/fr\/produit-soin-peau\/optimum-repair-serum\/","title":{"rendered":"S\u00c9RUM OPTIMUM REPAIR"},"content":{"rendered":"","protected":false},"excerpt":{"rendered":"","protected":false},"featured_media":365,"template":"","meta":{"_acf_changed":false},"product_cat":[54,55],"product_tag":[],"class_list":{"0":"post-781","1":"product","2":"type-product","3":"status-publish","4":"has-post-thumbnail","6":"product_cat-secheresse-et-reparation","7":"product_cat-optimum-repair","9":"first","10":"outofstock","11":"sale","12":"taxable","13":"shipping-taxable","14":"purchasable","15":"product-type-simple"},"acf":[],"yoast_head":"<!-- This site is optimized with the Yoast SEO plugin v23.5 - https:\/\/yoast.com\/wordpress\/plugins\/seo\/ -->\n<title>S\u00e9rum Optimum Repair - Soin du Visage pour Peau S\u00e8che - Silverwave<\/title>\n<meta name=\"description\" content=\"Le s\u00e9rum Optimum Repair r\u00e9hydrate et calme les irritations cutan\u00e9es et les rougeurs des peaux s\u00e8ches et sensibles. Tous nos produits sont garantis sans paraben et dermatologiquement test\u00e9s.\" \/>\n<meta name=\"robots\" content=\"index, follow, max-snippet:-1, max-image-preview:large, max-video-preview:-1\" \/>\n<link rel=\"canonical\" href=\"https:\/\/silverwavemedical.com\/fr\/produit-soin-peau\/optimum-repair-serum\/\" \/>\n<meta property=\"og:locale\" content=\"fr_FR\" \/>\n<meta property=\"og:type\" content=\"article\" \/>\n<meta property=\"og:title\" content=\"S\u00e9rum Optimum Repair - Soin du Visage pour Peau S\u00e8che - Silverwave\" \/>\n<meta property=\"og:description\" content=\"Le s\u00e9rum Optimum Repair r\u00e9hydrate et calme les irritations cutan\u00e9es et les rougeurs des peaux s\u00e8ches et sensibles. Tous nos produits sont garantis sans paraben et dermatologiquement test\u00e9s.\" \/>\n<meta property=\"og:url\" content=\"https:\/\/silverwavemedical.com\/fr\/produit-soin-peau\/optimum-repair-serum\/\" \/>\n<meta property=\"og:site_name\" content=\"Silver Wave\" \/>\n<meta property=\"article:modified_time\" content=\"2019-10-02T12:01:02+00:00\" \/>\n<meta property=\"og:image\" content=\"https:\/\/silverwavemedical.com\/wp-content\/uploads\/2019\/02\/optimumrepair_serum.jpg\" \/>\n\t<meta property=\"og:image:width\" content=\"800\" \/>\n\t<meta property=\"og:image:height\" content=\"800\" \/>\n\t<meta property=\"og:image:type\" content=\"image\/jpeg\" \/>\n<meta name=\"twitter:card\" content=\"summary_large_image\" \/>\n<script type=\"application\/ld+json\" class=\"yoast-schema-graph\">{\"@context\":\"https:\/\/schema.org\",\"@graph\":[{\"@type\":\"WebPage\",\"@id\":\"https:\/\/silverwavemedical.com\/fr\/produit-soin-peau\/optimum-repair-serum\/\",\"url\":\"https:\/\/silverwavemedical.com\/fr\/produit-soin-peau\/optimum-repair-serum\/\",\"name\":\"S\u00e9rum Optimum Repair - Soin du Visage pour Peau S\u00e8che - Silverwave\",\"isPartOf\":{\"@id\":\"https:\/\/silverwavemedical.com\/#website\"},\"primaryImageOfPage\":{\"@id\":\"https:\/\/silverwavemedical.com\/fr\/produit-soin-peau\/optimum-repair-serum\/#primaryimage\"},\"image\":{\"@id\":\"https:\/\/silverwavemedical.com\/fr\/produit-soin-peau\/optimum-repair-serum\/#primaryimage\"},\"thumbnailUrl\":\"http:\/\/silverwavemedical.com\/wp-content\/uploads\/2019\/02\/optimumrepair_serum.jpg\",\"datePublished\":\"2018-12-20T17:36:27+00:00\",\"dateModified\":\"2019-10-02T12:01:02+00:00\",\"description\":\"Le s\u00e9rum Optimum Repair r\u00e9hydrate et calme les irritations cutan\u00e9es et les rougeurs des peaux s\u00e8ches et sensibles. Tous nos produits sont garantis sans paraben et dermatologiquement test\u00e9s.\",\"breadcrumb\":{\"@id\":\"https:\/\/silverwavemedical.com\/fr\/produit-soin-peau\/optimum-repair-serum\/#breadcrumb\"},\"inLanguage\":\"fr-FR\",\"potentialAction\":[{\"@type\":\"ReadAction\",\"target\":[\"https:\/\/silverwavemedical.com\/fr\/produit-soin-peau\/optimum-repair-serum\/\"]}]},{\"@type\":\"ImageObject\",\"inLanguage\":\"fr-FR\",\"@id\":\"https:\/\/silverwavemedical.com\/fr\/produit-soin-peau\/optimum-repair-serum\/#primaryimage\",\"url\":\"http:\/\/silverwavemedical.com\/wp-content\/uploads\/2019\/02\/optimumrepair_serum.jpg\",\"contentUrl\":\"http:\/\/silverwavemedical.com\/wp-content\/uploads\/2019\/02\/optimumrepair_serum.jpg\",\"width\":800,\"height\":800},{\"@type\":\"BreadcrumbList\",\"@id\":\"https:\/\/silverwavemedical.com\/fr\/produit-soin-peau\/optimum-repair-serum\/#breadcrumb\",\"itemListElement\":[{\"@type\":\"ListItem\",\"position\":1,\"name\":\"Accueil\",\"item\":\"http:\/\/silverwavemedical.com\/fr\/\"},{\"@type\":\"ListItem\",\"position\":2,\"name\":\"Boutique\",\"item\":\"https:\/\/silverwavemedical.com\/fr\/boutique\/\"},{\"@type\":\"ListItem\",\"position\":3,\"name\":\"S\u00c9RUM OPTIMUM REPAIR\"}]},{\"@type\":\"WebSite\",\"@id\":\"https:\/\/silverwavemedical.com\/#website\",\"url\":\"https:\/\/silverwavemedical.com\/\",\"name\":\"Silver Wave\",\"description\":\"\",\"publisher\":{\"@id\":\"https:\/\/silverwavemedical.com\/#organization\"},\"potentialAction\":[{\"@type\":\"SearchAction\",\"target\":{\"@type\":\"EntryPoint\",\"urlTemplate\":\"https:\/\/silverwavemedical.com\/?s={search_term_string}\"},\"query-input\":{\"@type\":\"PropertyValueSpecification\",\"valueRequired\":true,\"valueName\":\"search_term_string\"}}],\"inLanguage\":\"fr-FR\"},{\"@type\":\"Organization\",\"@id\":\"https:\/\/silverwavemedical.com\/#organization\",\"name\":\"Silver Wave\",\"url\":\"https:\/\/silverwavemedical.com\/\",\"logo\":{\"@type\":\"ImageObject\",\"inLanguage\":\"fr-FR\",\"@id\":\"https:\/\/silverwavemedical.com\/#\/schema\/logo\/image\/\",\"url\":\"http:\/\/silverwavemedical.com\/wp-content\/uploads\/2018\/11\/logo.png\",\"contentUrl\":\"http:\/\/silverwavemedical.com\/wp-content\/uploads\/2018\/11\/logo.png\",\"width\":117,\"height\":63,\"caption\":\"Silver Wave\"},\"image\":{\"@id\":\"https:\/\/silverwavemedical.com\/#\/schema\/logo\/image\/\"}}]}<\/script>\n<!-- \/ Yoast SEO plugin. -->","yoast_head_json":{"title":"S\u00e9rum Optimum Repair - Soin du Visage pour Peau S\u00e8che - Silverwave","description":"Le s\u00e9rum Optimum Repair r\u00e9hydrate et calme les irritations cutan\u00e9es et les rougeurs des peaux s\u00e8ches et sensibles. Tous nos produits sont garantis sans paraben et dermatologiquement test\u00e9s.","robots":{"index":"index","follow":"follow","max-snippet":"max-snippet:-1","max-image-preview":"max-image-preview:large","max-video-preview":"max-video-preview:-1"},"canonical":"https:\/\/silverwavemedical.com\/fr\/produit-soin-peau\/optimum-repair-serum\/","og_locale":"fr_FR","og_type":"article","og_title":"S\u00e9rum Optimum Repair - Soin du Visage pour Peau S\u00e8che - Silverwave","og_description":"Le s\u00e9rum Optimum Repair r\u00e9hydrate et calme les irritations cutan\u00e9es et les rougeurs des peaux s\u00e8ches et sensibles. Tous nos produits sont garantis sans paraben et dermatologiquement test\u00e9s.","og_url":"https:\/\/silverwavemedical.com\/fr\/produit-soin-peau\/optimum-repair-serum\/","og_site_name":"Silver Wave","article_modified_time":"2019-10-02T12:01:02+00:00","og_image":[{"width":800,"height":800,"url":"https:\/\/silverwavemedical.com\/wp-content\/uploads\/2019\/02\/optimumrepair_serum.jpg","type":"image\/jpeg"}],"twitter_card":"summary_large_image","schema":{"@context":"https:\/\/schema.org","@graph":[{"@type":"WebPage","@id":"https:\/\/silverwavemedical.com\/fr\/produit-soin-peau\/optimum-repair-serum\/","url":"https:\/\/silverwavemedical.com\/fr\/produit-soin-peau\/optimum-repair-serum\/","name":"S\u00e9rum Optimum Repair - Soin du Visage pour Peau S\u00e8che - Silverwave","isPartOf":{"@id":"https:\/\/silverwavemedical.com\/#website"},"primaryImageOfPage":{"@id":"https:\/\/silverwavemedical.com\/fr\/produit-soin-peau\/optimum-repair-serum\/#primaryimage"},"image":{"@id":"https:\/\/silverwavemedical.com\/fr\/produit-soin-peau\/optimum-repair-serum\/#primaryimage"},"thumbnailUrl":"http:\/\/silverwavemedical.com\/wp-content\/uploads\/2019\/02\/optimumrepair_serum.jpg","datePublished":"2018-12-20T17:36:27+00:00","dateModified":"2019-10-02T12:01:02+00:00","description":"Le s\u00e9rum Optimum Repair r\u00e9hydrate et calme les irritations cutan\u00e9es et les rougeurs des peaux s\u00e8ches et sensibles. Tous nos produits sont garantis sans paraben et dermatologiquement test\u00e9s.","breadcrumb":{"@id":"https:\/\/silverwavemedical.com\/fr\/produit-soin-peau\/optimum-repair-serum\/#breadcrumb"},"inLanguage":"fr-FR","potentialAction":[{"@type":"ReadAction","target":["https:\/\/silverwavemedical.com\/fr\/produit-soin-peau\/optimum-repair-serum\/"]}]},{"@type":"ImageObject","inLanguage":"fr-FR","@id":"https:\/\/silverwavemedical.com\/fr\/produit-soin-peau\/optimum-repair-serum\/#primaryimage","url":"http:\/\/silverwavemedical.com\/wp-content\/uploads\/2019\/02\/optimumrepair_serum.jpg","contentUrl":"http:\/\/silverwavemedical.com\/wp-content\/uploads\/2019\/02\/optimumrepair_serum.jpg","width":800,"height":800},{"@type":"BreadcrumbList","@id":"https:\/\/silverwavemedical.com\/fr\/produit-soin-peau\/optimum-repair-serum\/#breadcrumb","itemListElement":[{"@type":"ListItem","position":1,"name":"Accueil","item":"http:\/\/silverwavemedical.com\/fr\/"},{"@type":"ListItem","position":2,"name":"Boutique","item":"https:\/\/silverwavemedical.com\/fr\/boutique\/"},{"@type":"ListItem","position":3,"name":"S\u00c9RUM OPTIMUM REPAIR"}]},{"@type":"WebSite","@id":"https:\/\/silverwavemedical.com\/#website","url":"https:\/\/silverwavemedical.com\/","name":"Silver Wave","description":"","publisher":{"@id":"https:\/\/silverwavemedical.com\/#organization"},"potentialAction":[{"@type":"SearchAction","target":{"@type":"EntryPoint","urlTemplate":"https:\/\/silverwavemedical.com\/?s={search_term_string}"},"query-input":{"@type":"PropertyValueSpecification","valueRequired":true,"valueName":"search_term_string"}}],"inLanguage":"fr-FR"},{"@type":"Organization","@id":"https:\/\/silverwavemedical.com\/#organization","name":"Silver Wave","url":"https:\/\/silverwavemedical.com\/","logo":{"@type":"ImageObject","inLanguage":"fr-FR","@id":"https:\/\/silverwavemedical.com\/#\/schema\/logo\/image\/","url":"http:\/\/silverwavemedical.com\/wp-content\/uploads\/2018\/11\/logo.png","contentUrl":"http:\/\/silverwavemedical.com\/wp-content\/uploads\/2018\/11\/logo.png","width":117,"height":63,"caption":"Silver Wave"},"image":{"@id":"https:\/\/silverwavemedical.com\/#\/schema\/logo\/image\/"}}]}},"jetpack_sharing_enabled":true,"_links":{"self":[{"href":"http:\/\/silverwavemedical.com\/fr\/wp-json\/wp\/v2\/product\/781"}],"collection":[{"href":"http:\/\/silverwavemedical.com\/fr\/wp-json\/wp\/v2\/product"}],"about":[{"href":"http:\/\/silverwavemedical.com\/fr\/wp-json\/wp\/v2\/types\/product"}],"wp:featuredmedia":[{"embeddable":true,"href":"http:\/\/silverwavemedical.com\/fr\/wp-json\/wp\/v2\/media\/365"}],"wp:attachment":[{"href":"http:\/\/silverwavemedical.com\/fr\/wp-json\/wp\/v2\/media?parent=781"}],"wp:term":[{"taxonomy":"product_cat","embeddable":true,"href":"http:\/\/silverwavemedical.com\/fr\/wp-json\/wp\/v2\/product_cat?post=781"},{"taxonomy":"product_tag","embeddable":true,"href":"http:\/\/silverwavemedical.com\/fr\/wp-json\/wp\/v2\/product_tag?post=781"}],"curies":[{"name":"wp","href":"https:\/\/api.w.org\/{rel}","templated":true}]}}