                          {"id":779,"date":"2018-11-27T16:31:27","date_gmt":"2018-11-27T15:31:27","guid":{"rendered":"http:\/\/silverwave.sfdbeta.be\/skin-care-product\/time-sublime-mask\/"},"modified":"2020-06-25T17:35:47","modified_gmt":"2020-06-25T15:35:47","slug":"masque-time-sublime","status":"publish","type":"product","link":"http:\/\/silverwavemedical.com\/fr\/produit-soin-peau\/masque-time-sublime\/","title":{"rendered":"MASQUE TIME SUBLIME"},"content":{"rendered":"","protected":false},"excerpt":{"rendered":"","protected":false},"featured_media":387,"template":"","meta":{"_acf_changed":false},"product_cat":[51,52],"product_tag":[],"class_list":{"0":"post-779","1":"product","2":"type-product","3":"status-publish","4":"has-post-thumbnail","6":"product_cat-anti-age-et-rehydratation","7":"product_cat-time-sublime","9":"first","10":"outofstock","11":"taxable","12":"shipping-taxable","13":"purchasable","14":"product-type-simple"},"acf":[],"yoast_head":"<!-- This site is optimized with the Yoast SEO plugin v23.5 - https:\/\/yoast.com\/wordpress\/plugins\/seo\/ -->\n<title>Masque Time Sublime - Traitement Anti-\u00e2ge &amp; R\u00e9hydratant - Silverwave<\/title>\n<meta name=\"description\" content=\"Notre masque r\u00e9hydratant anti-\u00e2ge r\u00e9pare et forme une barri\u00e8re protectrice sur votre peau. Il permet \u00e0 la peau de rester ferme et \u00e9lastique. Il est la meilleure r\u00e9ponse aux peaux s\u00e8ches et sensibles. Nos produits sont cliniquement test\u00e9s et hypoallerg\u00e9niques.\" \/>\n<meta name=\"robots\" content=\"index, follow, max-snippet:-1, max-image-preview:large, max-video-preview:-1\" \/>\n<link rel=\"canonical\" href=\"https:\/\/silverwavemedical.com\/fr\/produit-soin-peau\/masque-time-sublime\/\" \/>\n<meta property=\"og:locale\" content=\"fr_FR\" \/>\n<meta property=\"og:type\" content=\"article\" \/>\n<meta property=\"og:title\" content=\"Masque Time Sublime - Traitement Anti-\u00e2ge &amp; R\u00e9hydratant - Silverwave\" \/>\n<meta property=\"og:description\" content=\"Notre masque r\u00e9hydratant anti-\u00e2ge r\u00e9pare et forme une barri\u00e8re protectrice sur votre peau. Il permet \u00e0 la peau de rester ferme et \u00e9lastique. Il est la meilleure r\u00e9ponse aux peaux s\u00e8ches et sensibles. Nos produits sont cliniquement test\u00e9s et hypoallerg\u00e9niques.\" \/>\n<meta property=\"og:url\" content=\"https:\/\/silverwavemedical.com\/fr\/produit-soin-peau\/masque-time-sublime\/\" \/>\n<meta property=\"og:site_name\" content=\"Silver Wave\" \/>\n<meta property=\"article:modified_time\" content=\"2020-06-25T15:35:47+00:00\" \/>\n<meta property=\"og:image\" content=\"https:\/\/silverwavemedical.com\/wp-content\/uploads\/2019\/02\/timesublime_mask.jpg\" \/>\n\t<meta property=\"og:image:width\" content=\"800\" \/>\n\t<meta property=\"og:image:height\" content=\"800\" \/>\n\t<meta property=\"og:image:type\" content=\"image\/jpeg\" \/>\n<meta name=\"twitter:card\" content=\"summary_large_image\" \/>\n<script type=\"application\/ld+json\" class=\"yoast-schema-graph\">{\"@context\":\"https:\/\/schema.org\",\"@graph\":[{\"@type\":\"WebPage\",\"@id\":\"https:\/\/silverwavemedical.com\/fr\/produit-soin-peau\/masque-time-sublime\/\",\"url\":\"https:\/\/silverwavemedical.com\/fr\/produit-soin-peau\/masque-time-sublime\/\",\"name\":\"Masque Time Sublime - Traitement Anti-\u00e2ge & R\u00e9hydratant - Silverwave\",\"isPartOf\":{\"@id\":\"https:\/\/silverwavemedical.com\/#website\"},\"primaryImageOfPage\":{\"@id\":\"https:\/\/silverwavemedical.com\/fr\/produit-soin-peau\/masque-time-sublime\/#primaryimage\"},\"image\":{\"@id\":\"https:\/\/silverwavemedical.com\/fr\/produit-soin-peau\/masque-time-sublime\/#primaryimage\"},\"thumbnailUrl\":\"http:\/\/silverwavemedical.com\/wp-content\/uploads\/2019\/02\/timesublime_mask.jpg\",\"datePublished\":\"2018-11-27T15:31:27+00:00\",\"dateModified\":\"2020-06-25T15:35:47+00:00\",\"description\":\"Notre masque r\u00e9hydratant anti-\u00e2ge r\u00e9pare et forme une barri\u00e8re protectrice sur votre peau. Il permet \u00e0 la peau de rester ferme et \u00e9lastique. Il est la meilleure r\u00e9ponse aux peaux s\u00e8ches et sensibles. Nos produits sont cliniquement test\u00e9s et hypoallerg\u00e9niques.\",\"breadcrumb\":{\"@id\":\"https:\/\/silverwavemedical.com\/fr\/produit-soin-peau\/masque-time-sublime\/#breadcrumb\"},\"inLanguage\":\"fr-FR\",\"potentialAction\":[{\"@type\":\"ReadAction\",\"target\":[\"https:\/\/silverwavemedical.com\/fr\/produit-soin-peau\/masque-time-sublime\/\"]}]},{\"@type\":\"ImageObject\",\"inLanguage\":\"fr-FR\",\"@id\":\"https:\/\/silverwavemedical.com\/fr\/produit-soin-peau\/masque-time-sublime\/#primaryimage\",\"url\":\"http:\/\/silverwavemedical.com\/wp-content\/uploads\/2019\/02\/timesublime_mask.jpg\",\"contentUrl\":\"http:\/\/silverwavemedical.com\/wp-content\/uploads\/2019\/02\/timesublime_mask.jpg\",\"width\":800,\"height\":800},{\"@type\":\"BreadcrumbList\",\"@id\":\"https:\/\/silverwavemedical.com\/fr\/produit-soin-peau\/masque-time-sublime\/#breadcrumb\",\"itemListElement\":[{\"@type\":\"ListItem\",\"position\":1,\"name\":\"Accueil\",\"item\":\"https:\/\/silverwavemedical.com\/fr\/\"},{\"@type\":\"ListItem\",\"position\":2,\"name\":\"Boutique\",\"item\":\"https:\/\/silverwavemedical.com\/fr\/boutique\/\"},{\"@type\":\"ListItem\",\"position\":3,\"name\":\"MASQUE TIME SUBLIME\"}]},{\"@type\":\"WebSite\",\"@id\":\"https:\/\/silverwavemedical.com\/#website\",\"url\":\"https:\/\/silverwavemedical.com\/\",\"name\":\"Silver Wave\",\"description\":\"\",\"publisher\":{\"@id\":\"https:\/\/silverwavemedical.com\/#organization\"},\"potentialAction\":[{\"@type\":\"SearchAction\",\"target\":{\"@type\":\"EntryPoint\",\"urlTemplate\":\"https:\/\/silverwavemedical.com\/?s={search_term_string}\"},\"query-input\":{\"@type\":\"PropertyValueSpecification\",\"valueRequired\":true,\"valueName\":\"search_term_string\"}}],\"inLanguage\":\"fr-FR\"},{\"@type\":\"Organization\",\"@id\":\"https:\/\/silverwavemedical.com\/#organization\",\"name\":\"Silver Wave\",\"url\":\"https:\/\/silverwavemedical.com\/\",\"logo\":{\"@type\":\"ImageObject\",\"inLanguage\":\"fr-FR\",\"@id\":\"https:\/\/silverwavemedical.com\/#\/schema\/logo\/image\/\",\"url\":\"http:\/\/silverwavemedical.com\/wp-content\/uploads\/2018\/11\/logo.png\",\"contentUrl\":\"http:\/\/silverwavemedical.com\/wp-content\/uploads\/2018\/11\/logo.png\",\"width\":117,\"height\":63,\"caption\":\"Silver Wave\"},\"image\":{\"@id\":\"https:\/\/silverwavemedical.com\/#\/schema\/logo\/image\/\"}}]}<\/script>\n<!-- \/ Yoast SEO plugin. -->","yoast_head_json":{"title":"Masque Time Sublime - Traitement Anti-\u00e2ge & R\u00e9hydratant - Silverwave","description":"Notre masque r\u00e9hydratant anti-\u00e2ge r\u00e9pare et forme une barri\u00e8re protectrice sur votre peau. Il permet \u00e0 la peau de rester ferme et \u00e9lastique. Il est la meilleure r\u00e9ponse aux peaux s\u00e8ches et sensibles. Nos produits sont cliniquement test\u00e9s et hypoallerg\u00e9niques.","robots":{"index":"index","follow":"follow","max-snippet":"max-snippet:-1","max-image-preview":"max-image-preview:large","max-video-preview":"max-video-preview:-1"},"canonical":"https:\/\/silverwavemedical.com\/fr\/produit-soin-peau\/masque-time-sublime\/","og_locale":"fr_FR","og_type":"article","og_title":"Masque Time Sublime - Traitement Anti-\u00e2ge & R\u00e9hydratant - Silverwave","og_description":"Notre masque r\u00e9hydratant anti-\u00e2ge r\u00e9pare et forme une barri\u00e8re protectrice sur votre peau. Il permet \u00e0 la peau de rester ferme et \u00e9lastique. Il est la meilleure r\u00e9ponse aux peaux s\u00e8ches et sensibles. Nos produits sont cliniquement test\u00e9s et hypoallerg\u00e9niques.","og_url":"https:\/\/silverwavemedical.com\/fr\/produit-soin-peau\/masque-time-sublime\/","og_site_name":"Silver Wave","article_modified_time":"2020-06-25T15:35:47+00:00","og_image":[{"width":800,"height":800,"url":"https:\/\/silverwavemedical.com\/wp-content\/uploads\/2019\/02\/timesublime_mask.jpg","type":"image\/jpeg"}],"twitter_card":"summary_large_image","schema":{"@context":"https:\/\/schema.org","@graph":[{"@type":"WebPage","@id":"https:\/\/silverwavemedical.com\/fr\/produit-soin-peau\/masque-time-sublime\/","url":"https:\/\/silverwavemedical.com\/fr\/produit-soin-peau\/masque-time-sublime\/","name":"Masque Time Sublime - Traitement Anti-\u00e2ge & R\u00e9hydratant - Silverwave","isPartOf":{"@id":"https:\/\/silverwavemedical.com\/#website"},"primaryImageOfPage":{"@id":"https:\/\/silverwavemedical.com\/fr\/produit-soin-peau\/masque-time-sublime\/#primaryimage"},"image":{"@id":"https:\/\/silverwavemedical.com\/fr\/produit-soin-peau\/masque-time-sublime\/#primaryimage"},"thumbnailUrl":"http:\/\/silverwavemedical.com\/wp-content\/uploads\/2019\/02\/timesublime_mask.jpg","datePublished":"2018-11-27T15:31:27+00:00","dateModified":"2020-06-25T15:35:47+00:00","description":"Notre masque r\u00e9hydratant anti-\u00e2ge r\u00e9pare et forme une barri\u00e8re protectrice sur votre peau. Il permet \u00e0 la peau de rester ferme et \u00e9lastique. Il est la meilleure r\u00e9ponse aux peaux s\u00e8ches et sensibles. Nos produits sont cliniquement test\u00e9s et hypoallerg\u00e9niques.","breadcrumb":{"@id":"https:\/\/silverwavemedical.com\/fr\/produit-soin-peau\/masque-time-sublime\/#breadcrumb"},"inLanguage":"fr-FR","potentialAction":[{"@type":"ReadAction","target":["https:\/\/silverwavemedical.com\/fr\/produit-soin-peau\/masque-time-sublime\/"]}]},{"@type":"ImageObject","inLanguage":"fr-FR","@id":"https:\/\/silverwavemedical.com\/fr\/produit-soin-peau\/masque-time-sublime\/#primaryimage","url":"http:\/\/silverwavemedical.com\/wp-content\/uploads\/2019\/02\/timesublime_mask.jpg","contentUrl":"http:\/\/silverwavemedical.com\/wp-content\/uploads\/2019\/02\/timesublime_mask.jpg","width":800,"height":800},{"@type":"BreadcrumbList","@id":"https:\/\/silverwavemedical.com\/fr\/produit-soin-peau\/masque-time-sublime\/#breadcrumb","itemListElement":[{"@type":"ListItem","position":1,"name":"Accueil","item":"https:\/\/silverwavemedical.com\/fr\/"},{"@type":"ListItem","position":2,"name":"Boutique","item":"https:\/\/silverwavemedical.com\/fr\/boutique\/"},{"@type":"ListItem","position":3,"name":"MASQUE TIME SUBLIME"}]},{"@type":"WebSite","@id":"https:\/\/silverwavemedical.com\/#website","url":"https:\/\/silverwavemedical.com\/","name":"Silver Wave","description":"","publisher":{"@id":"https:\/\/silverwavemedical.com\/#organization"},"potentialAction":[{"@type":"SearchAction","target":{"@type":"EntryPoint","urlTemplate":"https:\/\/silverwavemedical.com\/?s={search_term_string}"},"query-input":{"@type":"PropertyValueSpecification","valueRequired":true,"valueName":"search_term_string"}}],"inLanguage":"fr-FR"},{"@type":"Organization","@id":"https:\/\/silverwavemedical.com\/#organization","name":"Silver Wave","url":"https:\/\/silverwavemedical.com\/","logo":{"@type":"ImageObject","inLanguage":"fr-FR","@id":"https:\/\/silverwavemedical.com\/#\/schema\/logo\/image\/","url":"http:\/\/silverwavemedical.com\/wp-content\/uploads\/2018\/11\/logo.png","contentUrl":"http:\/\/silverwavemedical.com\/wp-content\/uploads\/2018\/11\/logo.png","width":117,"height":63,"caption":"Silver Wave"},"image":{"@id":"https:\/\/silverwavemedical.com\/#\/schema\/logo\/image\/"}}]}},"jetpack_sharing_enabled":true,"_links":{"self":[{"href":"http:\/\/silverwavemedical.com\/fr\/wp-json\/wp\/v2\/product\/779"}],"collection":[{"href":"http:\/\/silverwavemedical.com\/fr\/wp-json\/wp\/v2\/product"}],"about":[{"href":"http:\/\/silverwavemedical.com\/fr\/wp-json\/wp\/v2\/types\/product"}],"wp:featuredmedia":[{"embeddable":true,"href":"http:\/\/silverwavemedical.com\/fr\/wp-json\/wp\/v2\/media\/387"}],"wp:attachment":[{"href":"http:\/\/silverwavemedical.com\/fr\/wp-json\/wp\/v2\/media?parent=779"}],"wp:term":[{"taxonomy":"product_cat","embeddable":true,"href":"http:\/\/silverwavemedical.com\/fr\/wp-json\/wp\/v2\/product_cat?post=779"},{"taxonomy":"product_tag","embeddable":true,"href":"http:\/\/silverwavemedical.com\/fr\/wp-json\/wp\/v2\/product_tag?post=779"}],"curies":[{"name":"wp","href":"https:\/\/api.w.org\/{rel}","templated":true}]}}