                          {"id":1915,"date":"2021-06-22T18:20:59","date_gmt":"2021-06-22T16:21:00","guid":{"rendered":"http:\/\/silverwave.sfdbeta.be\/?post_type=product&#038;p=1915"},"modified":"2021-06-22T18:29:38","modified_gmt":"2021-06-22T16:29:38","slug":"time-sublime-collagen-drink-copy","status":"publish","type":"product","link":"http:\/\/silverwavemedical.com\/fr\/produit-soin-peau\/time-sublime-collagen-drink-copy\/","title":{"rendered":"TIME SUBLIME COLLAGEN DRINK (flacon \u00e0 l&#8217;unit\u00e9)"},"content":{"rendered":"<p><span style=\"background-color: transparent; color: #333333; cursor: text; display: inline; float: none; font-family: Georgia,&amp;quot; times new roman&amp;quot;,&amp;quot;bitstream charter&amp;quot;,times,serif; font-size: 16px; font-style: normal; font-variant: normal; font-weight: 400; letter-spacing: normal; orphans: 2; text-align: left; text-decoration: none; text-indent: 0px; text-transform: none; -webkit-text-stroke-width: 0px; white-space: normal; word-spacing: 0px;\">\u00a0&lt;span style=&#8221;background-color: transparent; color: #333333; cursor: text; display: inline; float: none; font-family: Georgia,&amp;amp;quot; times new roman&amp;amp;quot;,&amp;amp;quot;bitstream charter&amp;amp;quot;,times,serif; font-size: 16px; font-style: normal; font-variant: normal; font-weight: 400; letter-spacing: normal; orphans: 2; text-align: left; text-decoration: none; text-indent: 0px; text-transform: none; -webkit-text-stroke-width: 0px; white-space: normal; word-spacing: 0px;&#8221;&gt;\u00a0&lt;\/span&gt;<\/span><\/p>\n","protected":false},"excerpt":{"rendered":"<p>\u00a0&lt;span style=&#8221;background-color: transparent; color: #333333; cursor: text; display: inline; float: none; font-family: Georgia,&amp;amp;quot; times new roman&amp;amp;quot;,&amp;amp;quot;bitstream charter&amp;amp;quot;,times,serif; font-size: 16px; font-style: normal; font-variant: normal; font-weight: 400; letter-spacing: normal; orphans: 2; text-align: left; text-decoration: none; text-indent: 0px; text-transform: none; -webkit-text-stroke-width: 0px; white-space: normal; word-spacing: 0px;&#8221;&gt;\u00a0&lt;\/span&gt;<\/p>\n","protected":false},"featured_media":2151,"template":"","meta":{"_acf_changed":false},"product_cat":[50,51,52,49],"product_tag":[],"class_list":{"0":"post-1915","1":"product","2":"type-product","3":"status-publish","4":"has-post-thumbnail","6":"product_cat-collagene-a-boire","7":"product_cat-anti-age-et-rehydratation","8":"product_cat-time-sublime","9":"product_cat-best-sellers","11":"first","12":"instock","13":"taxable","14":"shipping-taxable","15":"purchasable","16":"product-type-simple"},"acf":[],"yoast_head":"<!-- This site is optimized with the Yoast SEO plugin v23.5 - https:\/\/yoast.com\/wordpress\/plugins\/seo\/ -->\n<title>Collag\u00e8ne \u00e0 Boire Time Sublime - R\u00e9hydratant &amp; Anti-\u00e2ge - Silverwave<\/title>\n<meta name=\"description\" content=\"Le collag\u00e8ne \u00e0 boire vous aide \u00e0 restructurer et hydrater votre peau en profondeur. Il accro\u00eet l&#039;\u00e9lasticit\u00e9 de la peau, r\u00e9duit les rides et r\u00e9hydrate. Prendre du collag\u00e8ne \u00e0 boire stimule la production naturelle de collag\u00e8ne. Nos produits sont hypoallerg\u00e9niques et cliniquement test\u00e9s.\" \/>\n<meta name=\"robots\" content=\"index, follow, max-snippet:-1, max-image-preview:large, max-video-preview:-1\" \/>\n<link rel=\"canonical\" href=\"http:\/\/silverwavemedical.com\/fr\/produit-soin-peau\/time-sublime-collagen-drink-copy\/\" \/>\n<meta property=\"og:locale\" content=\"fr_FR\" \/>\n<meta property=\"og:type\" content=\"article\" \/>\n<meta property=\"og:title\" content=\"Collag\u00e8ne \u00e0 Boire Time Sublime - R\u00e9hydratant &amp; Anti-\u00e2ge - Silverwave\" \/>\n<meta property=\"og:description\" content=\"Le collag\u00e8ne \u00e0 boire vous aide \u00e0 restructurer et hydrater votre peau en profondeur. Il accro\u00eet l&#039;\u00e9lasticit\u00e9 de la peau, r\u00e9duit les rides et r\u00e9hydrate. Prendre du collag\u00e8ne \u00e0 boire stimule la production naturelle de collag\u00e8ne. Nos produits sont hypoallerg\u00e9niques et cliniquement test\u00e9s.\" \/>\n<meta property=\"og:url\" content=\"http:\/\/silverwavemedical.com\/fr\/produit-soin-peau\/time-sublime-collagen-drink-copy\/\" \/>\n<meta property=\"og:site_name\" content=\"Silver Wave\" \/>\n<meta property=\"article:modified_time\" content=\"2021-06-22T16:29:38+00:00\" \/>\n<meta property=\"og:image\" content=\"http:\/\/silverwavemedical.com\/wp-content\/uploads\/2021\/06\/SW_MOBILE_slider_drink_collagen-min-1200x1200-1.jpg\" \/>\n\t<meta property=\"og:image:width\" content=\"1200\" \/>\n\t<meta property=\"og:image:height\" content=\"1200\" \/>\n\t<meta property=\"og:image:type\" content=\"image\/jpeg\" \/>\n<meta name=\"twitter:card\" content=\"summary_large_image\" \/>\n<script type=\"application\/ld+json\" class=\"yoast-schema-graph\">{\"@context\":\"https:\/\/schema.org\",\"@graph\":[{\"@type\":\"WebPage\",\"@id\":\"http:\/\/silverwavemedical.com\/fr\/produit-soin-peau\/time-sublime-collagen-drink-copy\/\",\"url\":\"http:\/\/silverwavemedical.com\/fr\/produit-soin-peau\/time-sublime-collagen-drink-copy\/\",\"name\":\"Collag\u00e8ne \u00e0 Boire Time Sublime - R\u00e9hydratant & Anti-\u00e2ge - Silverwave\",\"isPartOf\":{\"@id\":\"https:\/\/silverwavemedical.com\/#website\"},\"primaryImageOfPage\":{\"@id\":\"http:\/\/silverwavemedical.com\/fr\/produit-soin-peau\/time-sublime-collagen-drink-copy\/#primaryimage\"},\"image\":{\"@id\":\"http:\/\/silverwavemedical.com\/fr\/produit-soin-peau\/time-sublime-collagen-drink-copy\/#primaryimage\"},\"thumbnailUrl\":\"http:\/\/silverwavemedical.com\/wp-content\/uploads\/2021\/06\/SW_MOBILE_slider_drink_collagen-min-1200x1200-1.jpg\",\"datePublished\":\"2021-06-22T16:21:00+00:00\",\"dateModified\":\"2021-06-22T16:29:38+00:00\",\"description\":\"Le collag\u00e8ne \u00e0 boire vous aide \u00e0 restructurer et hydrater votre peau en profondeur. Il accro\u00eet l'\u00e9lasticit\u00e9 de la peau, r\u00e9duit les rides et r\u00e9hydrate. Prendre du collag\u00e8ne \u00e0 boire stimule la production naturelle de collag\u00e8ne. Nos produits sont hypoallerg\u00e9niques et cliniquement test\u00e9s.\",\"breadcrumb\":{\"@id\":\"http:\/\/silverwavemedical.com\/fr\/produit-soin-peau\/time-sublime-collagen-drink-copy\/#breadcrumb\"},\"inLanguage\":\"fr-FR\",\"potentialAction\":[{\"@type\":\"ReadAction\",\"target\":[\"http:\/\/silverwavemedical.com\/fr\/produit-soin-peau\/time-sublime-collagen-drink-copy\/\"]}]},{\"@type\":\"ImageObject\",\"inLanguage\":\"fr-FR\",\"@id\":\"http:\/\/silverwavemedical.com\/fr\/produit-soin-peau\/time-sublime-collagen-drink-copy\/#primaryimage\",\"url\":\"http:\/\/silverwavemedical.com\/wp-content\/uploads\/2021\/06\/SW_MOBILE_slider_drink_collagen-min-1200x1200-1.jpg\",\"contentUrl\":\"http:\/\/silverwavemedical.com\/wp-content\/uploads\/2021\/06\/SW_MOBILE_slider_drink_collagen-min-1200x1200-1.jpg\",\"width\":1200,\"height\":1200},{\"@type\":\"BreadcrumbList\",\"@id\":\"http:\/\/silverwavemedical.com\/fr\/produit-soin-peau\/time-sublime-collagen-drink-copy\/#breadcrumb\",\"itemListElement\":[{\"@type\":\"ListItem\",\"position\":1,\"name\":\"Accueil\",\"item\":\"https:\/\/silverwavemedical.com\/fr\/\"},{\"@type\":\"ListItem\",\"position\":2,\"name\":\"Boutique\",\"item\":\"http:\/\/silverwavemedical.com\/fr\/boutique\/\"},{\"@type\":\"ListItem\",\"position\":3,\"name\":\"TIME SUBLIME COLLAGEN DRINK (flacon \u00e0 l&#8217;unit\u00e9)\"}]},{\"@type\":\"WebSite\",\"@id\":\"https:\/\/silverwavemedical.com\/#website\",\"url\":\"https:\/\/silverwavemedical.com\/\",\"name\":\"Silver Wave\",\"description\":\"\",\"publisher\":{\"@id\":\"https:\/\/silverwavemedical.com\/#organization\"},\"potentialAction\":[{\"@type\":\"SearchAction\",\"target\":{\"@type\":\"EntryPoint\",\"urlTemplate\":\"https:\/\/silverwavemedical.com\/?s={search_term_string}\"},\"query-input\":{\"@type\":\"PropertyValueSpecification\",\"valueRequired\":true,\"valueName\":\"search_term_string\"}}],\"inLanguage\":\"fr-FR\"},{\"@type\":\"Organization\",\"@id\":\"https:\/\/silverwavemedical.com\/#organization\",\"name\":\"Silver Wave\",\"url\":\"https:\/\/silverwavemedical.com\/\",\"logo\":{\"@type\":\"ImageObject\",\"inLanguage\":\"fr-FR\",\"@id\":\"https:\/\/silverwavemedical.com\/#\/schema\/logo\/image\/\",\"url\":\"http:\/\/silverwavemedical.com\/wp-content\/uploads\/2018\/11\/logo.png\",\"contentUrl\":\"http:\/\/silverwavemedical.com\/wp-content\/uploads\/2018\/11\/logo.png\",\"width\":117,\"height\":63,\"caption\":\"Silver Wave\"},\"image\":{\"@id\":\"https:\/\/silverwavemedical.com\/#\/schema\/logo\/image\/\"}}]}<\/script>\n<!-- \/ Yoast SEO plugin. -->","yoast_head_json":{"title":"Collag\u00e8ne \u00e0 Boire Time Sublime - R\u00e9hydratant & Anti-\u00e2ge - Silverwave","description":"Le collag\u00e8ne \u00e0 boire vous aide \u00e0 restructurer et hydrater votre peau en profondeur. Il accro\u00eet l'\u00e9lasticit\u00e9 de la peau, r\u00e9duit les rides et r\u00e9hydrate. Prendre du collag\u00e8ne \u00e0 boire stimule la production naturelle de collag\u00e8ne. Nos produits sont hypoallerg\u00e9niques et cliniquement test\u00e9s.","robots":{"index":"index","follow":"follow","max-snippet":"max-snippet:-1","max-image-preview":"max-image-preview:large","max-video-preview":"max-video-preview:-1"},"canonical":"http:\/\/silverwavemedical.com\/fr\/produit-soin-peau\/time-sublime-collagen-drink-copy\/","og_locale":"fr_FR","og_type":"article","og_title":"Collag\u00e8ne \u00e0 Boire Time Sublime - R\u00e9hydratant & Anti-\u00e2ge - Silverwave","og_description":"Le collag\u00e8ne \u00e0 boire vous aide \u00e0 restructurer et hydrater votre peau en profondeur. Il accro\u00eet l'\u00e9lasticit\u00e9 de la peau, r\u00e9duit les rides et r\u00e9hydrate. Prendre du collag\u00e8ne \u00e0 boire stimule la production naturelle de collag\u00e8ne. Nos produits sont hypoallerg\u00e9niques et cliniquement test\u00e9s.","og_url":"http:\/\/silverwavemedical.com\/fr\/produit-soin-peau\/time-sublime-collagen-drink-copy\/","og_site_name":"Silver Wave","article_modified_time":"2021-06-22T16:29:38+00:00","og_image":[{"width":1200,"height":1200,"url":"http:\/\/silverwavemedical.com\/wp-content\/uploads\/2021\/06\/SW_MOBILE_slider_drink_collagen-min-1200x1200-1.jpg","type":"image\/jpeg"}],"twitter_card":"summary_large_image","schema":{"@context":"https:\/\/schema.org","@graph":[{"@type":"WebPage","@id":"http:\/\/silverwavemedical.com\/fr\/produit-soin-peau\/time-sublime-collagen-drink-copy\/","url":"http:\/\/silverwavemedical.com\/fr\/produit-soin-peau\/time-sublime-collagen-drink-copy\/","name":"Collag\u00e8ne \u00e0 Boire Time Sublime - R\u00e9hydratant & Anti-\u00e2ge - Silverwave","isPartOf":{"@id":"https:\/\/silverwavemedical.com\/#website"},"primaryImageOfPage":{"@id":"http:\/\/silverwavemedical.com\/fr\/produit-soin-peau\/time-sublime-collagen-drink-copy\/#primaryimage"},"image":{"@id":"http:\/\/silverwavemedical.com\/fr\/produit-soin-peau\/time-sublime-collagen-drink-copy\/#primaryimage"},"thumbnailUrl":"http:\/\/silverwavemedical.com\/wp-content\/uploads\/2021\/06\/SW_MOBILE_slider_drink_collagen-min-1200x1200-1.jpg","datePublished":"2021-06-22T16:21:00+00:00","dateModified":"2021-06-22T16:29:38+00:00","description":"Le collag\u00e8ne \u00e0 boire vous aide \u00e0 restructurer et hydrater votre peau en profondeur. Il accro\u00eet l'\u00e9lasticit\u00e9 de la peau, r\u00e9duit les rides et r\u00e9hydrate. Prendre du collag\u00e8ne \u00e0 boire stimule la production naturelle de collag\u00e8ne. Nos produits sont hypoallerg\u00e9niques et cliniquement test\u00e9s.","breadcrumb":{"@id":"http:\/\/silverwavemedical.com\/fr\/produit-soin-peau\/time-sublime-collagen-drink-copy\/#breadcrumb"},"inLanguage":"fr-FR","potentialAction":[{"@type":"ReadAction","target":["http:\/\/silverwavemedical.com\/fr\/produit-soin-peau\/time-sublime-collagen-drink-copy\/"]}]},{"@type":"ImageObject","inLanguage":"fr-FR","@id":"http:\/\/silverwavemedical.com\/fr\/produit-soin-peau\/time-sublime-collagen-drink-copy\/#primaryimage","url":"http:\/\/silverwavemedical.com\/wp-content\/uploads\/2021\/06\/SW_MOBILE_slider_drink_collagen-min-1200x1200-1.jpg","contentUrl":"http:\/\/silverwavemedical.com\/wp-content\/uploads\/2021\/06\/SW_MOBILE_slider_drink_collagen-min-1200x1200-1.jpg","width":1200,"height":1200},{"@type":"BreadcrumbList","@id":"http:\/\/silverwavemedical.com\/fr\/produit-soin-peau\/time-sublime-collagen-drink-copy\/#breadcrumb","itemListElement":[{"@type":"ListItem","position":1,"name":"Accueil","item":"https:\/\/silverwavemedical.com\/fr\/"},{"@type":"ListItem","position":2,"name":"Boutique","item":"http:\/\/silverwavemedical.com\/fr\/boutique\/"},{"@type":"ListItem","position":3,"name":"TIME SUBLIME COLLAGEN DRINK (flacon \u00e0 l&#8217;unit\u00e9)"}]},{"@type":"WebSite","@id":"https:\/\/silverwavemedical.com\/#website","url":"https:\/\/silverwavemedical.com\/","name":"Silver Wave","description":"","publisher":{"@id":"https:\/\/silverwavemedical.com\/#organization"},"potentialAction":[{"@type":"SearchAction","target":{"@type":"EntryPoint","urlTemplate":"https:\/\/silverwavemedical.com\/?s={search_term_string}"},"query-input":{"@type":"PropertyValueSpecification","valueRequired":true,"valueName":"search_term_string"}}],"inLanguage":"fr-FR"},{"@type":"Organization","@id":"https:\/\/silverwavemedical.com\/#organization","name":"Silver Wave","url":"https:\/\/silverwavemedical.com\/","logo":{"@type":"ImageObject","inLanguage":"fr-FR","@id":"https:\/\/silverwavemedical.com\/#\/schema\/logo\/image\/","url":"http:\/\/silverwavemedical.com\/wp-content\/uploads\/2018\/11\/logo.png","contentUrl":"http:\/\/silverwavemedical.com\/wp-content\/uploads\/2018\/11\/logo.png","width":117,"height":63,"caption":"Silver Wave"},"image":{"@id":"https:\/\/silverwavemedical.com\/#\/schema\/logo\/image\/"}}]}},"jetpack_sharing_enabled":true,"_links":{"self":[{"href":"http:\/\/silverwavemedical.com\/fr\/wp-json\/wp\/v2\/product\/1915"}],"collection":[{"href":"http:\/\/silverwavemedical.com\/fr\/wp-json\/wp\/v2\/product"}],"about":[{"href":"http:\/\/silverwavemedical.com\/fr\/wp-json\/wp\/v2\/types\/product"}],"wp:featuredmedia":[{"embeddable":true,"href":"http:\/\/silverwavemedical.com\/fr\/wp-json\/wp\/v2\/media\/2151"}],"wp:attachment":[{"href":"http:\/\/silverwavemedical.com\/fr\/wp-json\/wp\/v2\/media?parent=1915"}],"wp:term":[{"taxonomy":"product_cat","embeddable":true,"href":"http:\/\/silverwavemedical.com\/fr\/wp-json\/wp\/v2\/product_cat?post=1915"},{"taxonomy":"product_tag","embeddable":true,"href":"http:\/\/silverwavemedical.com\/fr\/wp-json\/wp\/v2\/product_tag?post=1915"}],"curies":[{"name":"wp","href":"https:\/\/api.w.org\/{rel}","templated":true}]}}