                          {"id":691,"date":"2018-11-19T11:01:54","date_gmt":"2018-11-19T10:01:54","guid":{"rendered":"http:\/\/silverwave.sfdbeta.be\/cosmeceutiques-made-in-suisse\/"},"modified":"2026-02-05T16:40:29","modified_gmt":"2026-02-05T15:40:29","slug":"accueil","status":"publish","type":"page","link":"http:\/\/silverwavemedical.com\/fr\/","title":{"rendered":"Cosm\u00e9ceutiques suisses"},"content":{"rendered":"<h3>D\u00e9couvrez la gamme Silver Wave: des ingr\u00e9dients efficaces, aux formulations hautement performantes, adapt\u00e9es \u00e0 tous.<\/h3>\n<p><span style=\"opacity: .0;\"><a href=\"https:\/\/aeczane.com\/kekreyemis-tozu\/\">aeczane.com\/kekreyemis-tozu\/<\/a><\/span><\/p>\n","protected":false},"excerpt":{"rendered":"<p>D\u00e9couvrez la gamme Silver Wave: des ingr\u00e9dients efficaces, aux formulations hautement performantes, adapt\u00e9es \u00e0 tous. aeczane.com\/kekreyemis-tozu\/<\/p>\n","protected":false},"author":1,"featured_media":0,"parent":0,"menu_order":0,"comment_status":"closed","ping_status":"closed","template":"page-home.php","meta":{"_acf_changed":false,"footnotes":""},"class_list":["post-691","page","type-page","status-publish","hentry"],"acf":[],"yoast_head":"<!-- This site is optimized with the Yoast SEO plugin v23.5 - https:\/\/yoast.com\/wordpress\/plugins\/seo\/ -->\n<title>Cosmeceutiques suisses &amp; collag\u00e8ne \u00e0 boire - Silverwave<\/title>\n<meta name=\"description\" content=\"SilverWave est une soci\u00e9t\u00e9 suisse qui fabrique des cosm\u00e9ceutiques pour la peau (cr\u00e8mes, s\u00e9rums, masques, collag\u00e8ne \u00e0 boire) adapt\u00e9s aux peaux matures et sensibles.\" \/>\n<meta name=\"robots\" content=\"index, follow, max-snippet:-1, max-image-preview:large, max-video-preview:-1\" \/>\n<link rel=\"canonical\" href=\"https:\/\/silverwavemedical.com\/fr\/\" \/>\n<meta property=\"og:locale\" content=\"fr_FR\" \/>\n<meta property=\"og:type\" content=\"article\" \/>\n<meta property=\"og:title\" content=\"Cosmeceutiques suisses &amp; collag\u00e8ne \u00e0 boire - Silverwave\" \/>\n<meta property=\"og:description\" content=\"SilverWave est une soci\u00e9t\u00e9 suisse qui fabrique des cosm\u00e9ceutiques pour la peau (cr\u00e8mes, s\u00e9rums, masques, collag\u00e8ne \u00e0 boire) adapt\u00e9s aux peaux matures et sensibles.\" \/>\n<meta property=\"og:url\" content=\"https:\/\/silverwavemedical.com\/fr\/\" \/>\n<meta property=\"og:site_name\" content=\"Silver Wave\" \/>\n<meta property=\"article:modified_time\" content=\"2026-02-05T15:40:29+00:00\" \/>\n<meta name=\"twitter:card\" content=\"summary_large_image\" \/>\n<meta name=\"twitter:label1\" content=\"Dur\u00e9e de lecture estim\u00e9e\" \/>\n\t<meta name=\"twitter:data1\" content=\"1 minute\" \/>\n<script type=\"application\/ld+json\" class=\"yoast-schema-graph\">{\"@context\":\"https:\/\/schema.org\",\"@graph\":[{\"@type\":\"WebPage\",\"@id\":\"https:\/\/silverwavemedical.com\/fr\/\",\"url\":\"https:\/\/silverwavemedical.com\/fr\/\",\"name\":\"Cosmeceutiques suisses & collag\u00e8ne \u00e0 boire - Silverwave\",\"isPartOf\":{\"@id\":\"http:\/\/silverwavemedical.com\/#website\"},\"datePublished\":\"2018-11-19T10:01:54+00:00\",\"dateModified\":\"2026-02-05T15:40:29+00:00\",\"description\":\"SilverWave est une soci\u00e9t\u00e9 suisse qui fabrique des cosm\u00e9ceutiques pour la peau (cr\u00e8mes, s\u00e9rums, masques, collag\u00e8ne \u00e0 boire) adapt\u00e9s aux peaux matures et sensibles.\",\"breadcrumb\":{\"@id\":\"https:\/\/silverwavemedical.com\/fr\/#breadcrumb\"},\"inLanguage\":\"fr-FR\",\"potentialAction\":[{\"@type\":\"ReadAction\",\"target\":[\"https:\/\/silverwavemedical.com\/fr\/\"]}]},{\"@type\":\"BreadcrumbList\",\"@id\":\"https:\/\/silverwavemedical.com\/fr\/#breadcrumb\",\"itemListElement\":[{\"@type\":\"ListItem\",\"position\":1,\"name\":\"Accueil\",\"item\":\"https:\/\/silverwavemedical.com\/fr\/\"},{\"@type\":\"ListItem\",\"position\":2,\"name\":\"Cosm\u00e9ceutiques suisses\"}]},{\"@type\":\"WebSite\",\"@id\":\"http:\/\/silverwavemedical.com\/#website\",\"url\":\"http:\/\/silverwavemedical.com\/\",\"name\":\"Silver Wave\",\"description\":\"\",\"publisher\":{\"@id\":\"http:\/\/silverwavemedical.com\/#organization\"},\"potentialAction\":[{\"@type\":\"SearchAction\",\"target\":{\"@type\":\"EntryPoint\",\"urlTemplate\":\"http:\/\/silverwavemedical.com\/?s={search_term_string}\"},\"query-input\":{\"@type\":\"PropertyValueSpecification\",\"valueRequired\":true,\"valueName\":\"search_term_string\"}}],\"inLanguage\":\"fr-FR\"},{\"@type\":\"Organization\",\"@id\":\"http:\/\/silverwavemedical.com\/#organization\",\"name\":\"Silver Wave\",\"url\":\"http:\/\/silverwavemedical.com\/\",\"logo\":{\"@type\":\"ImageObject\",\"inLanguage\":\"fr-FR\",\"@id\":\"http:\/\/silverwavemedical.com\/#\/schema\/logo\/image\/\",\"url\":\"http:\/\/silverwavemedical.com\/wp-content\/uploads\/2018\/11\/logo.png\",\"contentUrl\":\"http:\/\/silverwavemedical.com\/wp-content\/uploads\/2018\/11\/logo.png\",\"width\":117,\"height\":63,\"caption\":\"Silver Wave\"},\"image\":{\"@id\":\"http:\/\/silverwavemedical.com\/#\/schema\/logo\/image\/\"}}]}<\/script>\n<!-- \/ Yoast SEO plugin. -->","yoast_head_json":{"title":"Cosmeceutiques suisses & collag\u00e8ne \u00e0 boire - Silverwave","description":"SilverWave est une soci\u00e9t\u00e9 suisse qui fabrique des cosm\u00e9ceutiques pour la peau (cr\u00e8mes, s\u00e9rums, masques, collag\u00e8ne \u00e0 boire) adapt\u00e9s aux peaux matures et sensibles.","robots":{"index":"index","follow":"follow","max-snippet":"max-snippet:-1","max-image-preview":"max-image-preview:large","max-video-preview":"max-video-preview:-1"},"canonical":"https:\/\/silverwavemedical.com\/fr\/","og_locale":"fr_FR","og_type":"article","og_title":"Cosmeceutiques suisses & collag\u00e8ne \u00e0 boire - Silverwave","og_description":"SilverWave est une soci\u00e9t\u00e9 suisse qui fabrique des cosm\u00e9ceutiques pour la peau (cr\u00e8mes, s\u00e9rums, masques, collag\u00e8ne \u00e0 boire) adapt\u00e9s aux peaux matures et sensibles.","og_url":"https:\/\/silverwavemedical.com\/fr\/","og_site_name":"Silver Wave","article_modified_time":"2026-02-05T15:40:29+00:00","twitter_card":"summary_large_image","twitter_misc":{"Dur\u00e9e de lecture estim\u00e9e":"1 minute"},"schema":{"@context":"https:\/\/schema.org","@graph":[{"@type":"WebPage","@id":"https:\/\/silverwavemedical.com\/fr\/","url":"https:\/\/silverwavemedical.com\/fr\/","name":"Cosmeceutiques suisses & collag\u00e8ne \u00e0 boire - Silverwave","isPartOf":{"@id":"http:\/\/silverwavemedical.com\/#website"},"datePublished":"2018-11-19T10:01:54+00:00","dateModified":"2026-02-05T15:40:29+00:00","description":"SilverWave est une soci\u00e9t\u00e9 suisse qui fabrique des cosm\u00e9ceutiques pour la peau (cr\u00e8mes, s\u00e9rums, masques, collag\u00e8ne \u00e0 boire) adapt\u00e9s aux peaux matures et sensibles.","breadcrumb":{"@id":"https:\/\/silverwavemedical.com\/fr\/#breadcrumb"},"inLanguage":"fr-FR","potentialAction":[{"@type":"ReadAction","target":["https:\/\/silverwavemedical.com\/fr\/"]}]},{"@type":"BreadcrumbList","@id":"https:\/\/silverwavemedical.com\/fr\/#breadcrumb","itemListElement":[{"@type":"ListItem","position":1,"name":"Accueil","item":"https:\/\/silverwavemedical.com\/fr\/"},{"@type":"ListItem","position":2,"name":"Cosm\u00e9ceutiques suisses"}]},{"@type":"WebSite","@id":"http:\/\/silverwavemedical.com\/#website","url":"http:\/\/silverwavemedical.com\/","name":"Silver Wave","description":"","publisher":{"@id":"http:\/\/silverwavemedical.com\/#organization"},"potentialAction":[{"@type":"SearchAction","target":{"@type":"EntryPoint","urlTemplate":"http:\/\/silverwavemedical.com\/?s={search_term_string}"},"query-input":{"@type":"PropertyValueSpecification","valueRequired":true,"valueName":"search_term_string"}}],"inLanguage":"fr-FR"},{"@type":"Organization","@id":"http:\/\/silverwavemedical.com\/#organization","name":"Silver Wave","url":"http:\/\/silverwavemedical.com\/","logo":{"@type":"ImageObject","inLanguage":"fr-FR","@id":"http:\/\/silverwavemedical.com\/#\/schema\/logo\/image\/","url":"http:\/\/silverwavemedical.com\/wp-content\/uploads\/2018\/11\/logo.png","contentUrl":"http:\/\/silverwavemedical.com\/wp-content\/uploads\/2018\/11\/logo.png","width":117,"height":63,"caption":"Silver Wave"},"image":{"@id":"http:\/\/silverwavemedical.com\/#\/schema\/logo\/image\/"}}]}},"jetpack_sharing_enabled":true,"_links":{"self":[{"href":"http:\/\/silverwavemedical.com\/fr\/wp-json\/wp\/v2\/pages\/691"}],"collection":[{"href":"http:\/\/silverwavemedical.com\/fr\/wp-json\/wp\/v2\/pages"}],"about":[{"href":"http:\/\/silverwavemedical.com\/fr\/wp-json\/wp\/v2\/types\/page"}],"author":[{"embeddable":true,"href":"http:\/\/silverwavemedical.com\/fr\/wp-json\/wp\/v2\/users\/1"}],"replies":[{"embeddable":true,"href":"http:\/\/silverwavemedical.com\/fr\/wp-json\/wp\/v2\/comments?post=691"}],"version-history":[{"count":16,"href":"http:\/\/silverwavemedical.com\/fr\/wp-json\/wp\/v2\/pages\/691\/revisions"}],"predecessor-version":[{"id":2487,"href":"http:\/\/silverwavemedical.com\/fr\/wp-json\/wp\/v2\/pages\/691\/revisions\/2487"}],"wp:attachment":[{"href":"http:\/\/silverwavemedical.com\/fr\/wp-json\/wp\/v2\/media?parent=691"}],"curies":[{"name":"wp","href":"https:\/\/api.w.org\/{rel}","templated":true}]}}