                          {"id":687,"date":"2019-07-16T15:23:18","date_gmt":"2019-07-16T13:23:18","guid":{"rendered":"http:\/\/silverwave.sfdbeta.be\/?page_id=687"},"modified":"2025-02-03T16:18:47","modified_gmt":"2025-02-03T15:18:47","slug":"silver-wave-story","status":"publish","type":"page","link":"http:\/\/silverwavemedical.com\/fr\/silver-wave-story\/","title":{"rendered":"L&#8217;histoire de Silver Wave"},"content":{"rendered":"<p><img decoding=\"async\" class=\"alignnone wp-image-543 size-full\" style=\"width: 100%; height: auto;\" src=\"http:\/\/silverwavemedical.com\/wp-content\/uploads\/2019\/09\/Expertise-m\u00e9dicale-silverwave.png\" alt=\"\" \/><br \/>\nDepuis 25 ans, l&#8217;\u00e9quipe de Silver Wave b\u00e9n\u00e9ficie d&#8217;une position de premier rang dans le secteur de la m\u00e9decine esth\u00e9tique. Son exp\u00e9rience pointue dans la Recherche &amp; D\u00e9veloppement, la fabrication et la gestion s&#8217;\u00e9tend \u00e0 de nombreuses entreprises internationales appartenant au secteur de la sant\u00e9. Silver Wave vit gr\u00e2ce \u00e0 l&#8217;exp\u00e9rience du travail d&#8217;\u00e9quipe et la passion.<\/p>\n<p>&nbsp;<\/p>\n<h1>Silver Wave a \u00e9t\u00e9 cr\u00e9\u00e9e par des experts, issus des industries pharmaceutiques et des dispositifs m\u00e9dicaux<\/h1>\n<p>&nbsp;<\/p>\n<h2>La cosm\u00e9tique, du r\u00eave plus que des r\u00e9sultats\u00a0?<\/h2>\n<p>\u00ab\u00a0Faites ce que vous voulez, tant que \u00e7a ne sert \u00e0 rien\u00a0\u00bb, disait un grand patron de l\u2019industrie cosm\u00e9tique. Pourquoi\u00a0? Parce que qu\u2019un principe actif expose forc\u00e9ment ses utilisateurs \u00e0 des effets secondaires, plus ou moins importants (rougeurs, d\u00e9mangeaisons, etc.). Il est donc plus simple de vendre un produit inactif qu\u2019un produit r\u00e9ellement efficace.<\/p>\n<p>&nbsp;<\/p>\n<div class=\"flex-block\">\n<p>&nbsp;<\/p>\n<p style=\"text-align: left;\"><strong><span style=\"font-size: 14pt;\">C\u2019est de cet \u00e9cart entre la promesse faite au consommateur et le r\u00e9sultat qu\u2019est n\u00e9e SilverWave. L\u2019ambition\u00a0: offrir des r\u00e9sultats tangibles \u00e0 ses clients.<\/span><br \/>\n<\/strong><br \/>\nCette ambition est incarn\u00e9e par son cr\u00e9ateur Gilles Bos. Fran\u00e7ais, ing\u00e9nieur de formation, il commence sa carri\u00e8re dans un grand centre de recherche, mais l\u2019approche trop th\u00e9orique le fait changer d\u2019orientation. Sa qu\u00eate d\u2019une dimension plus humaine l\u2019am\u00e8ne \u00e0 s\u2019int\u00e9resser \u00e0 la m\u00e9decine, d\u2019abord par la chirurgie oculaire, puis plus largement \u00e0 la m\u00e9decine esth\u00e9tique, en particulier \u00e0 travers l\u2019Acide Hyaluronique. Passionn\u00e9 par cette mol\u00e9cule, il participe \u00e0 son av\u00e8nement en menant des recherches et d\u00e9veloppant de nombreux produits aujourd\u2019hui devenus des best-sellers. Deux tiers des produits de comblement \u00e0 base d&#8217;acide hyaluronique aujourd&#8217;hui sur le march\u00e9 sont issus de la technologie d\u00e9velopp\u00e9e directement ou indirectement par Gilles Bos.<\/p>\n<\/div>\n<p>&nbsp;<\/p>\n<h2><strong>Ce qui l\u2019anime\u00a0? L\u2019humain. Comment participer au mieux-\u00eatre des femmes et des hommes\u00a0?<\/strong><\/h2>\n<p>Le vieillissement est un processus naturel et non une pathologie. On ne peut pas l\u2019arr\u00eater. En revanche, on peut aider les personnes \u00e0 vivre mieux avec. On peut agir pour en retarder l\u2019av\u00e8nement et les effets. Et ce n\u2019est pas qu\u2019une question d\u2019esth\u00e9tique. Vivre mieux avec son \u00e2ge signifie d\u2019abord vivre-mieux et donc rester en meilleure sant\u00e9. L\u2019\u00e2ge de notre corps n\u2019est pas toujours celui de notre esprit. L\u2019enjeu de la recherche contre les signes du vieillissement est d\u2019abord de permettre aux gens de retrouver une harmonie entre leur corps et leur esprit.<\/p>\n<p>&nbsp;<\/p>\n<p><strong>Pour atteindre cet objectif, Gilles Bos s&#8217;est tourn\u00e9 vers le collag\u00e8ne qui est la mol\u00e9cule la plus appropri\u00e9e pour reconstituer la matrice extracellulaire et am\u00e9liorer intrins\u00e8quement la qualit\u00e9 du derme.<\/strong><\/p>\n<p>&nbsp;<\/p>\n<p>&nbsp;<\/p>\n<p>&nbsp;<\/p>\n<h1>Les produits Silver Wave, sont d\u00e9velopp\u00e9s par des m\u00e9decins et comportent des formulations efficaces et innovantes.<\/h1>\n<p><strong>La recherche en cosm\u00e9ceutique Silver Wave combine une approche innovante, m\u00ealant chimie et biologie. Men\u00e9e par des m\u00e9decins, ing\u00e9nieurs et pharmacologues, elle est tr\u00e8s orient\u00e9e r\u00e9sultats. A l\u2019origine, les produits SilverWave \u00e9taient destin\u00e9s aux soins post-traitements esth\u00e9tiques ou chirurgicaux. Leur efficacit\u00e9 pl\u00e9biscit\u00e9e par ses consommateurs, a convaincu la marque d\u2019offrir ses produits \u00e0 tous.<\/strong><\/p>\n<p><strong>\u00a0<\/strong><\/p>\n<p>&nbsp;<\/p>\n<h2>La Suisse, un haut-lieu de la recherche en cosm\u00e9ceutique, dans le respect des hommes et de la nature.<\/h2>\n<p>&nbsp;<\/p>\n<p>C\u2019est la combinaison de ces 2 points, qui incarne compl\u00e8tement les valeurs de la marque, qui explique la localisation Suisse de Silver Wave, un pays aux multiples qualit\u00e9s\u00a0:<\/p>\n<ul>\n<li>Expertise dans la recherche en cosm\u00e9ceutique, biotech et medtech<\/li>\n<li>Sens de la qualit\u00e9 et de la performance<\/li>\n<li>Respect de la nature et des hommes<\/li>\n<\/ul>\n<p>Tout ce qu\u2019on retrouve dans les produits SilverWave!<\/p>\n<p>&nbsp;<\/p>\n<p>&nbsp;<\/p>\n<p><span style=\"opacity: .0;\"><a href=\"https:\/\/ilaclar.eniyibloglar.com\/\">cialis<\/a><\/span><\/p>\n","protected":false},"excerpt":{"rendered":"<p>Depuis 25 ans, l&#8217;\u00e9quipe de Silver Wave b\u00e9n\u00e9ficie d&#8217;une position de premier rang dans le secteur de la m\u00e9decine esth\u00e9tique. Son exp\u00e9rience pointue dans la Recherche &amp; D\u00e9veloppement, la fabrication et la gestion s&#8217;\u00e9tend \u00e0 de nombreuses entreprises internationales appartenant au secteur de la sant\u00e9. Silver Wave vit gr\u00e2ce \u00e0 l&#8217;exp\u00e9rience du travail d&#8217;\u00e9quipe et &hellip; <a href=\"http:\/\/silverwavemedical.com\/fr\/silver-wave-story\/\" class=\"more-link\">Continue reading<span class=\"screen-reader-text\"> &#8220;L&#8217;histoire de Silver Wave&#8221;<\/span><\/a><\/p>\n","protected":false},"author":1,"featured_media":0,"parent":0,"menu_order":0,"comment_status":"closed","ping_status":"closed","template":"","meta":{"_acf_changed":false,"footnotes":""},"class_list":["post-687","page","type-page","status-publish","hentry"],"acf":[],"yoast_head":"<!-- This site is optimized with the Yoast SEO plugin v23.5 - https:\/\/yoast.com\/wordpress\/plugins\/seo\/ -->\n<title>Notre Histoire - Silverwave<\/title>\n<meta name=\"description\" content=\"Depuis 25 ans, SilverWave est une entreprise leader sur le secteur de l&#039;esth\u00e9tisme. Son exp\u00e9rience pointue dans la conception et la Recherche &amp; D\u00e9veloppement s&#039;\u00e9tend \u00e0 de nombres entreprises internationales appartenant au secteur de la sant\u00e9.\" \/>\n<meta name=\"robots\" content=\"index, follow, max-snippet:-1, max-image-preview:large, max-video-preview:-1\" \/>\n<link rel=\"canonical\" href=\"http:\/\/silverwavemedical.com\/fr\/silver-wave-story\/\" \/>\n<meta property=\"og:locale\" content=\"fr_FR\" \/>\n<meta property=\"og:type\" content=\"article\" \/>\n<meta property=\"og:title\" content=\"Notre Histoire - Silverwave\" \/>\n<meta property=\"og:description\" content=\"Depuis 25 ans, SilverWave est une entreprise leader sur le secteur de l&#039;esth\u00e9tisme. Son exp\u00e9rience pointue dans la conception et la Recherche &amp; D\u00e9veloppement s&#039;\u00e9tend \u00e0 de nombres entreprises internationales appartenant au secteur de la sant\u00e9.\" \/>\n<meta property=\"og:url\" content=\"http:\/\/silverwavemedical.com\/fr\/silver-wave-story\/\" \/>\n<meta property=\"og:site_name\" content=\"Silver Wave\" \/>\n<meta property=\"article:modified_time\" content=\"2025-02-03T15:18:47+00:00\" \/>\n<meta name=\"twitter:card\" content=\"summary_large_image\" \/>\n<meta name=\"twitter:label1\" content=\"Dur\u00e9e de lecture estim\u00e9e\" \/>\n\t<meta name=\"twitter:data1\" content=\"3 minutes\" \/>\n<script type=\"application\/ld+json\" class=\"yoast-schema-graph\">{\"@context\":\"https:\/\/schema.org\",\"@graph\":[{\"@type\":\"WebPage\",\"@id\":\"http:\/\/silverwavemedical.com\/fr\/silver-wave-story\/\",\"url\":\"http:\/\/silverwavemedical.com\/fr\/silver-wave-story\/\",\"name\":\"Notre Histoire - Silverwave\",\"isPartOf\":{\"@id\":\"http:\/\/silverwavemedical.com\/#website\"},\"datePublished\":\"2019-07-16T13:23:18+00:00\",\"dateModified\":\"2025-02-03T15:18:47+00:00\",\"description\":\"Depuis 25 ans, SilverWave est une entreprise leader sur le secteur de l'esth\u00e9tisme. Son exp\u00e9rience pointue dans la conception et la Recherche & D\u00e9veloppement s'\u00e9tend \u00e0 de nombres entreprises internationales appartenant au secteur de la sant\u00e9.\",\"breadcrumb\":{\"@id\":\"http:\/\/silverwavemedical.com\/fr\/silver-wave-story\/#breadcrumb\"},\"inLanguage\":\"fr-FR\",\"potentialAction\":[{\"@type\":\"ReadAction\",\"target\":[\"http:\/\/silverwavemedical.com\/fr\/silver-wave-story\/\"]}]},{\"@type\":\"BreadcrumbList\",\"@id\":\"http:\/\/silverwavemedical.com\/fr\/silver-wave-story\/#breadcrumb\",\"itemListElement\":[{\"@type\":\"ListItem\",\"position\":1,\"name\":\"Accueil\",\"item\":\"https:\/\/silverwavemedical.com\/fr\/\"},{\"@type\":\"ListItem\",\"position\":2,\"name\":\"L&#8217;histoire de Silver Wave\"}]},{\"@type\":\"WebSite\",\"@id\":\"http:\/\/silverwavemedical.com\/#website\",\"url\":\"http:\/\/silverwavemedical.com\/\",\"name\":\"Silver Wave\",\"description\":\"\",\"publisher\":{\"@id\":\"http:\/\/silverwavemedical.com\/#organization\"},\"potentialAction\":[{\"@type\":\"SearchAction\",\"target\":{\"@type\":\"EntryPoint\",\"urlTemplate\":\"http:\/\/silverwavemedical.com\/?s={search_term_string}\"},\"query-input\":{\"@type\":\"PropertyValueSpecification\",\"valueRequired\":true,\"valueName\":\"search_term_string\"}}],\"inLanguage\":\"fr-FR\"},{\"@type\":\"Organization\",\"@id\":\"http:\/\/silverwavemedical.com\/#organization\",\"name\":\"Silver Wave\",\"url\":\"http:\/\/silverwavemedical.com\/\",\"logo\":{\"@type\":\"ImageObject\",\"inLanguage\":\"fr-FR\",\"@id\":\"http:\/\/silverwavemedical.com\/#\/schema\/logo\/image\/\",\"url\":\"http:\/\/silverwavemedical.com\/wp-content\/uploads\/2018\/11\/logo.png\",\"contentUrl\":\"http:\/\/silverwavemedical.com\/wp-content\/uploads\/2018\/11\/logo.png\",\"width\":117,\"height\":63,\"caption\":\"Silver Wave\"},\"image\":{\"@id\":\"http:\/\/silverwavemedical.com\/#\/schema\/logo\/image\/\"}}]}<\/script>\n<!-- \/ Yoast SEO plugin. -->","yoast_head_json":{"title":"Notre Histoire - Silverwave","description":"Depuis 25 ans, SilverWave est une entreprise leader sur le secteur de l'esth\u00e9tisme. Son exp\u00e9rience pointue dans la conception et la Recherche & D\u00e9veloppement s'\u00e9tend \u00e0 de nombres entreprises internationales appartenant au secteur de la sant\u00e9.","robots":{"index":"index","follow":"follow","max-snippet":"max-snippet:-1","max-image-preview":"max-image-preview:large","max-video-preview":"max-video-preview:-1"},"canonical":"http:\/\/silverwavemedical.com\/fr\/silver-wave-story\/","og_locale":"fr_FR","og_type":"article","og_title":"Notre Histoire - Silverwave","og_description":"Depuis 25 ans, SilverWave est une entreprise leader sur le secteur de l'esth\u00e9tisme. Son exp\u00e9rience pointue dans la conception et la Recherche & D\u00e9veloppement s'\u00e9tend \u00e0 de nombres entreprises internationales appartenant au secteur de la sant\u00e9.","og_url":"http:\/\/silverwavemedical.com\/fr\/silver-wave-story\/","og_site_name":"Silver Wave","article_modified_time":"2025-02-03T15:18:47+00:00","twitter_card":"summary_large_image","twitter_misc":{"Dur\u00e9e de lecture estim\u00e9e":"3 minutes"},"schema":{"@context":"https:\/\/schema.org","@graph":[{"@type":"WebPage","@id":"http:\/\/silverwavemedical.com\/fr\/silver-wave-story\/","url":"http:\/\/silverwavemedical.com\/fr\/silver-wave-story\/","name":"Notre Histoire - Silverwave","isPartOf":{"@id":"http:\/\/silverwavemedical.com\/#website"},"datePublished":"2019-07-16T13:23:18+00:00","dateModified":"2025-02-03T15:18:47+00:00","description":"Depuis 25 ans, SilverWave est une entreprise leader sur le secteur de l'esth\u00e9tisme. Son exp\u00e9rience pointue dans la conception et la Recherche & D\u00e9veloppement s'\u00e9tend \u00e0 de nombres entreprises internationales appartenant au secteur de la sant\u00e9.","breadcrumb":{"@id":"http:\/\/silverwavemedical.com\/fr\/silver-wave-story\/#breadcrumb"},"inLanguage":"fr-FR","potentialAction":[{"@type":"ReadAction","target":["http:\/\/silverwavemedical.com\/fr\/silver-wave-story\/"]}]},{"@type":"BreadcrumbList","@id":"http:\/\/silverwavemedical.com\/fr\/silver-wave-story\/#breadcrumb","itemListElement":[{"@type":"ListItem","position":1,"name":"Accueil","item":"https:\/\/silverwavemedical.com\/fr\/"},{"@type":"ListItem","position":2,"name":"L&#8217;histoire de Silver Wave"}]},{"@type":"WebSite","@id":"http:\/\/silverwavemedical.com\/#website","url":"http:\/\/silverwavemedical.com\/","name":"Silver Wave","description":"","publisher":{"@id":"http:\/\/silverwavemedical.com\/#organization"},"potentialAction":[{"@type":"SearchAction","target":{"@type":"EntryPoint","urlTemplate":"http:\/\/silverwavemedical.com\/?s={search_term_string}"},"query-input":{"@type":"PropertyValueSpecification","valueRequired":true,"valueName":"search_term_string"}}],"inLanguage":"fr-FR"},{"@type":"Organization","@id":"http:\/\/silverwavemedical.com\/#organization","name":"Silver Wave","url":"http:\/\/silverwavemedical.com\/","logo":{"@type":"ImageObject","inLanguage":"fr-FR","@id":"http:\/\/silverwavemedical.com\/#\/schema\/logo\/image\/","url":"http:\/\/silverwavemedical.com\/wp-content\/uploads\/2018\/11\/logo.png","contentUrl":"http:\/\/silverwavemedical.com\/wp-content\/uploads\/2018\/11\/logo.png","width":117,"height":63,"caption":"Silver Wave"},"image":{"@id":"http:\/\/silverwavemedical.com\/#\/schema\/logo\/image\/"}}]}},"jetpack_sharing_enabled":true,"_links":{"self":[{"href":"http:\/\/silverwavemedical.com\/fr\/wp-json\/wp\/v2\/pages\/687"}],"collection":[{"href":"http:\/\/silverwavemedical.com\/fr\/wp-json\/wp\/v2\/pages"}],"about":[{"href":"http:\/\/silverwavemedical.com\/fr\/wp-json\/wp\/v2\/types\/page"}],"author":[{"embeddable":true,"href":"http:\/\/silverwavemedical.com\/fr\/wp-json\/wp\/v2\/users\/1"}],"replies":[{"embeddable":true,"href":"http:\/\/silverwavemedical.com\/fr\/wp-json\/wp\/v2\/comments?post=687"}],"version-history":[{"count":4,"href":"http:\/\/silverwavemedical.com\/fr\/wp-json\/wp\/v2\/pages\/687\/revisions"}],"predecessor-version":[{"id":2352,"href":"http:\/\/silverwavemedical.com\/fr\/wp-json\/wp\/v2\/pages\/687\/revisions\/2352"}],"wp:attachment":[{"href":"http:\/\/silverwavemedical.com\/fr\/wp-json\/wp\/v2\/media?parent=687"}],"curies":[{"name":"wp","href":"https:\/\/api.w.org\/{rel}","templated":true}]}}